{"id":4572,"date":"2025-01-28T14:56:13","date_gmt":"2025-01-28T13:56:13","guid":{"rendered":"https:\/\/v2.ajeandalucia.org\/almeria\/?page_id=4572"},"modified":"2025-06-02T22:13:01","modified_gmt":"2025-06-02T20:13:01","slug":"asociados","status":"publish","type":"page","link":"https:\/\/ajeandalucia.org\/almeria\/asociados\/","title":{"rendered":"Asociados"},"content":{"rendered":"\t\t<div data-elementor-type=\"wp-page\" data-elementor-id=\"4572\" class=\"elementor elementor-4572\" data-elementor-post-type=\"page\">\n\t\t\t\t<div class=\"elementor-element elementor-element-56ee6c81 e-flex e-con-boxed e-con e-parent\" data-id=\"56ee6c81\" data-element_type=\"container\" data-e-type=\"container\" data-settings=\"{&quot;background_background&quot;:&quot;classic&quot;,&quot;ekit_has_onepagescroll_dot&quot;:&quot;yes&quot;}\">\n\t\t\t\t\t<div class=\"e-con-inner\">\n\t\t\t\t<div class=\"elementor-element elementor-element-41739dc elementor-widget__width-auto elementor-widget elementor-widget-heading\" data-id=\"41739dc\" data-element_type=\"widget\" data-e-type=\"widget\" data-settings=\"{&quot;ekit_we_effect_on&quot;:&quot;none&quot;}\" data-widget_type=\"heading.default\">\n\t\t\t\t<div class=\"elementor-widget-container\">\n\t\t\t\t\t<h2 class=\"elementor-heading-title elementor-size-default\">Asociados<\/h2>\t\t\t\t<\/div>\n\t\t\t\t<\/div>\n\t\t\t\t\t<\/div>\n\t\t\t\t<\/div>\n\t\t<div class=\"elementor-element elementor-element-396b84f e-flex e-con-boxed e-con e-parent\" data-id=\"396b84f\" data-element_type=\"container\" data-e-type=\"container\" data-settings=\"{&quot;ekit_has_onepagescroll_dot&quot;:&quot;yes&quot;}\">\n\t\t\t\t\t<div class=\"e-con-inner\">\n\t\t\t\t<div class=\"elementor-element elementor-element-5d2960e elementor-widget elementor-widget-search\" data-id=\"5d2960e\" data-element_type=\"widget\" data-e-type=\"widget\" data-settings=\"{&quot;live_results&quot;:&quot;yes&quot;,&quot;template_id&quot;:&quot;4455&quot;,&quot;submit_trigger&quot;:&quot;key_enter&quot;,&quot;minimum_search_characters&quot;:3,&quot;pagination_type_options&quot;:&quot;none&quot;,&quot;results_is_dropdown_width&quot;:&quot;search_field&quot;,&quot;ekit_we_effect_on&quot;:&quot;none&quot;}\" data-widget_type=\"search.default\">\n\t\t\t\t<div class=\"elementor-widget-container\">\n\t\t\t\t\t\t\t<search class=\"e-search hidden\" role=\"search\">\n\t\t\t<form class=\"e-search-form\" action=\"https:\/\/ajeandalucia.org\/almeria\" method=\"get\">\n\n\t\t\t\t\n\t\t\t\t<label class=\"e-search-label\" for=\"search-5d2960e\">\n\t\t\t\t\t<span class=\"elementor-screen-only\">\n\t\t\t\t\t\tBuscar\t\t\t\t\t<\/span>\n\t\t\t\t\t\t\t\t\t<\/label>\n\n\t\t\t\t<div class=\"e-search-input-wrapper\">\n\t\t\t\t\t<input id=\"search-5d2960e\" placeholder=\"Buscar asociado\" class=\"e-search-input\" type=\"search\" name=\"s\" value=\"\" autocomplete=\"on\" role=\"combobox\" aria-autocomplete=\"list\" aria-expanded=\"false\" aria-controls=\"results-5d2960e\" aria-haspopup=\"listbox\">\n\t\t\t\t\t<svg aria-hidden=\"true\" class=\"e-font-icon-svg e-fas-times\" viewBox=\"0 0 352 512\" xmlns=\"http:\/\/www.w3.org\/2000\/svg\"><path d=\"M242.72 256l100.07-100.07c12.28-12.28 12.28-32.19 0-44.48l-22.24-22.24c-12.28-12.28-32.19-12.28-44.48 0L176 189.28 75.93 89.21c-12.28-12.28-32.19-12.28-44.48 0L9.21 111.45c-12.28 12.28-12.28 32.19 0 44.48L109.28 256 9.21 356.07c-12.28 12.28-12.28 32.19 0 44.48l22.24 22.24c12.28 12.28 32.2 12.28 44.48 0L176 322.72l100.07 100.07c12.28 12.28 32.2 12.28 44.48 0l22.24-22.24c12.28-12.28 12.28-32.19 0-44.48L242.72 256z\"><\/path><\/svg>\t\t\t\t\t\t\t\t\t\t<output id=\"results-5d2960e\" class=\"e-search-results-container hide-loader\" aria-live=\"polite\" aria-atomic=\"true\" aria-label=\"Resultados de b\u00fasqueda\" tabindex=\"0\">\n\t\t\t\t\t\t<div class=\"e-search-results\"><\/div>\n\t\t\t\t\t\t\t\t\t<div class=\"e-search-loader\">\n\t\t\t\t<svg xmlns=\"http:\/\/www.w3.org\/2000\/svg\" viewBox=\"0 0 28 28\">\n\t\t\t\t\t<path fill-rule=\"evenodd\" d=\"M14 .188c.587 0 1.063.475 1.063 1.062V5.5a1.063 1.063 0 0 1-2.126 0V1.25c0-.587.476-1.063 1.063-1.063ZM4.182 4.181a1.063 1.063 0 0 1 1.503 0L8.73 7.228A1.062 1.062 0 1 1 7.228 8.73L4.182 5.685a1.063 1.063 0 0 1 0-1.503Zm19.636 0a1.063 1.063 0 0 1 0 1.503L20.772 8.73a1.062 1.062 0 1 1-1.502-1.502l3.045-3.046a1.063 1.063 0 0 1 1.503 0ZM.188 14c0-.587.475-1.063 1.062-1.063H5.5a1.063 1.063 0 0 1 0 2.126H1.25A1.063 1.063 0 0 1 .187 14Zm21.25 0c0-.587.475-1.063 1.062-1.063h4.25a1.063 1.063 0 0 1 0 2.126H22.5A1.063 1.063 0 0 1 21.437 14ZM8.73 19.27a1.062 1.062 0 0 1 0 1.502l-3.045 3.046a1.063 1.063 0 0 1-1.503-1.503l3.046-3.046a1.063 1.063 0 0 1 1.502 0Zm10.54 0a1.063 1.063 0 0 1 1.502 0l3.046 3.045a1.063 1.063 0 0 1-1.503 1.503l-3.046-3.046a1.063 1.063 0 0 1 0-1.502ZM14 21.438c.587 0 1.063.475 1.063 1.062v4.25a1.063 1.063 0 0 1-2.126 0V22.5c0-.587.476-1.063 1.063-1.063Z\"\/>\n\t\t\t\t<\/svg>\n\t\t\t<\/div>\n\t\t\t\t\t\t\t\t<\/output>\n\t\t\t\t\t\t\t\t\t<\/div>\n\t\t\t\t\n\t\t\t\t\n\t\t\t\t<button class=\"e-search-submit elementor-screen-only \" type=\"submit\" aria-label=\"Buscar\">\n\t\t\t\t\t\n\t\t\t\t\t\t\t\t\t<\/button>\n\t\t\t\t<input type=\"hidden\" name=\"e_search_props\" value=\"5d2960e-4572\">\n\t\t\t<\/form>\n\t\t<\/search>\n\t\t\t\t\t\t<\/div>\n\t\t\t\t<\/div>\n\t\t\t\t\t<\/div>\n\t\t\t\t<\/div>\n\t\t<div class=\"elementor-element elementor-element-5e1a623 e-flex e-con-boxed e-con e-parent\" data-id=\"5e1a623\" data-element_type=\"container\" data-e-type=\"container\" data-settings=\"{&quot;ekit_has_onepagescroll_dot&quot;:&quot;yes&quot;}\">\n\t\t\t\t\t<div class=\"e-con-inner\">\n\t\t\t\t<div class=\"elementor-element elementor-element-7224aea elementor-grid-tablet-2 elementor-widget__width-initial elementor-widget-mobile__width-inherit elementor-grid-3 elementor-grid-mobile-1 elementor-widget elementor-widget-loop-grid\" data-id=\"7224aea\" data-element_type=\"widget\" data-e-type=\"widget\" data-settings=\"{&quot;template_id&quot;:&quot;4455&quot;,&quot;pagination_type&quot;:&quot;load_more_infinite_scroll&quot;,&quot;row_gap_tablet&quot;:{&quot;unit&quot;:&quot;px&quot;,&quot;size&quot;:60,&quot;sizes&quot;:[]},&quot;columns_tablet&quot;:2,&quot;_skin&quot;:&quot;post&quot;,&quot;columns&quot;:&quot;3&quot;,&quot;columns_mobile&quot;:&quot;1&quot;,&quot;edit_handle_selector&quot;:&quot;[data-elementor-type=\\&quot;loop-item\\&quot;]&quot;,&quot;load_more_spinner&quot;:{&quot;value&quot;:&quot;fas fa-spinner&quot;,&quot;library&quot;:&quot;fa-solid&quot;},&quot;row_gap&quot;:{&quot;unit&quot;:&quot;px&quot;,&quot;size&quot;:&quot;&quot;,&quot;sizes&quot;:[]},&quot;row_gap_mobile&quot;:{&quot;unit&quot;:&quot;px&quot;,&quot;size&quot;:&quot;&quot;,&quot;sizes&quot;:[]},&quot;ekit_we_effect_on&quot;:&quot;none&quot;}\" data-widget_type=\"loop-grid.post\">\n\t\t\t\t<div class=\"elementor-widget-container\">\n\t\t\t\t\t\t\t<div class=\"e-loop-nothing-found-message\">\n\t\t<\/div>\n\t\t\t\t\t\t<\/div>\n\t\t\t\t<\/div>\n\t\t\t\t\t<\/div>\n\t\t\t\t<\/div>\n\t\t\t\t<\/div>\n\t\t","protected":false},"excerpt":{"rendered":"<p>Asociados Buscar<\/p>\n","protected":false},"author":186,"featured_media":0,"parent":0,"menu_order":0,"comment_status":"closed","ping_status":"closed","template":"elementor_header_footer","meta":{"_acf_changed":false,"site-sidebar-layout":"no-sidebar","site-content-layout":"","ast-site-content-layout":"full-width-container","site-content-style":"unboxed","site-sidebar-style":"unboxed","ast-global-header-display":"","ast-banner-title-visibility":"","ast-main-header-display":"disabled","ast-hfb-above-header-display":"","ast-hfb-below-header-display":"","ast-hfb-mobile-header-display":"disabled","site-post-title":"disabled","ast-breadcrumbs-content":"disabled","ast-featured-img":"disabled","footer-sml-layout":"disabled","ast-disable-related-posts":"","theme-transparent-header-meta":"default","adv-header-id-meta":"","stick-header-meta":"","header-above-stick-meta":"","header-main-stick-meta":"","header-below-stick-meta":"","astra-migrate-meta-layouts":"set","ast-page-background-enabled":"default","ast-page-background-meta":{"desktop":{"background-color":"var(--ast-global-color-5)","background-image":"","background-repeat":"repeat","background-position":"center center","background-size":"auto","background-attachment":"scroll","background-type":"","background-media":"","overlay-type":"","overlay-color":"","overlay-opacity":"","overlay-gradient":""},"tablet":{"background-color":"","background-image":"","background-repeat":"repeat","background-position":"center center","background-size":"auto","background-attachment":"scroll","background-type":"","background-media":"","overlay-type":"","overlay-color":"","overlay-opacity":"","overlay-gradient":""},"mobile":{"background-color":"","background-image":"","background-repeat":"repeat","background-position":"center center","background-size":"auto","background-attachment":"scroll","background-type":"","background-media":"","overlay-type":"","overlay-color":"","overlay-opacity":"","overlay-gradient":""}},"ast-content-background-meta":{"desktop":{"background-color":"var(--ast-global-color-4)","background-image":"","background-repeat":"repeat","background-position":"center center","background-size":"auto","background-attachment":"scroll","background-type":"","background-media":"","overlay-type":"","overlay-color":"","overlay-opacity":"","overlay-gradient":""},"tablet":{"background-color":"var(--ast-global-color-4)","background-image":"","background-repeat":"repeat","background-position":"center center","background-size":"auto","background-attachment":"scroll","background-type":"","background-media":"","overlay-type":"","overlay-color":"","overlay-opacity":"","overlay-gradient":""},"mobile":{"background-color":"var(--ast-global-color-4)","background-image":"","background-repeat":"repeat","background-position":"center center","background-size":"auto","background-attachment":"scroll","background-type":"","background-media":"","overlay-type":"","overlay-color":"","overlay-opacity":"","overlay-gradient":""}},"footnotes":""},"class_list":["post-4572","page","type-page","status-publish","hentry"],"acf":[],"yoast_head":"<!-- This site is optimized with the Yoast SEO plugin v26.9 - https:\/\/yoast.com\/product\/yoast-seo-wordpress\/ -->\n<title>Asociados - AJE Almer\u00eda<\/title>\n<meta name=\"robots\" content=\"index, follow, max-snippet:-1, max-image-preview:large, max-video-preview:-1\" \/>\n<link rel=\"canonical\" href=\"http:\/\/ajeandalucia.org\/almeria\/asociados\/\" \/>\n<meta property=\"og:locale\" content=\"es_ES\" \/>\n<meta property=\"og:type\" content=\"article\" \/>\n<meta property=\"og:title\" content=\"Asociados - AJE Almer\u00eda\" \/>\n<meta property=\"og:description\" content=\"Asociados Buscar\" \/>\n<meta property=\"og:url\" content=\"http:\/\/ajeandalucia.org\/almeria\/asociados\/\" \/>\n<meta property=\"og:site_name\" content=\"AJE Almer\u00eda\" \/>\n<meta property=\"article:modified_time\" content=\"2025-06-02T20:13:01+00:00\" \/>\n<meta name=\"twitter:card\" content=\"summary_large_image\" \/>\n<meta name=\"twitter:label1\" content=\"Tiempo de lectura\" \/>\n\t<meta name=\"twitter:data1\" content=\"1 minuto\" \/>\n<script type=\"application\/ld+json\" class=\"yoast-schema-graph\">{\"@context\":\"https:\/\/schema.org\",\"@graph\":[{\"@type\":\"WebPage\",\"@id\":\"http:\/\/ajeandalucia.org\/almeria\/asociados\/\",\"url\":\"http:\/\/ajeandalucia.org\/almeria\/asociados\/\",\"name\":\"Asociados - AJE Almer\u00eda\",\"isPartOf\":{\"@id\":\"https:\/\/ajeandalucia.org\/almeria\/#website\"},\"datePublished\":\"2025-01-28T13:56:13+00:00\",\"dateModified\":\"2025-06-02T20:13:01+00:00\",\"breadcrumb\":{\"@id\":\"http:\/\/ajeandalucia.org\/almeria\/asociados\/#breadcrumb\"},\"inLanguage\":\"es\",\"potentialAction\":[{\"@type\":\"ReadAction\",\"target\":[\"http:\/\/ajeandalucia.org\/almeria\/asociados\/\"]}]},{\"@type\":\"BreadcrumbList\",\"@id\":\"http:\/\/ajeandalucia.org\/almeria\/asociados\/#breadcrumb\",\"itemListElement\":[{\"@type\":\"ListItem\",\"position\":1,\"name\":\"Portada\",\"item\":\"https:\/\/ajeandalucia.org\/almeria\/\"},{\"@type\":\"ListItem\",\"position\":2,\"name\":\"Asociados\"}]},{\"@type\":\"WebSite\",\"@id\":\"https:\/\/ajeandalucia.org\/almeria\/#website\",\"url\":\"https:\/\/ajeandalucia.org\/almeria\/\",\"name\":\"AJE Almer\u00eda\",\"description\":\"Otro sitio m\u00e1s de AJE Andaluc\u00eda\",\"publisher\":{\"@id\":\"https:\/\/ajeandalucia.org\/almeria\/#organization\"},\"potentialAction\":[{\"@type\":\"SearchAction\",\"target\":{\"@type\":\"EntryPoint\",\"urlTemplate\":\"https:\/\/ajeandalucia.org\/almeria\/?s={search_term_string}\"},\"query-input\":{\"@type\":\"PropertyValueSpecification\",\"valueRequired\":true,\"valueName\":\"search_term_string\"}}],\"inLanguage\":\"es\"},{\"@type\":\"Organization\",\"@id\":\"https:\/\/ajeandalucia.org\/almeria\/#organization\",\"name\":\"AJE Almer\u00eda\",\"url\":\"https:\/\/ajeandalucia.org\/almeria\/\",\"logo\":{\"@type\":\"ImageObject\",\"inLanguage\":\"es\",\"@id\":\"https:\/\/ajeandalucia.org\/almeria\/#\/schema\/logo\/image\/\",\"url\":\"https:\/\/ajeandalucia.org\/almeria\/wp-content\/uploads\/sites\/3\/2025\/01\/AJE-ALMERIA-horizontal.png\",\"contentUrl\":\"https:\/\/ajeandalucia.org\/almeria\/wp-content\/uploads\/sites\/3\/2025\/01\/AJE-ALMERIA-horizontal.png\",\"width\":605,\"height\":200,\"caption\":\"AJE Almer\u00eda\"},\"image\":{\"@id\":\"https:\/\/ajeandalucia.org\/almeria\/#\/schema\/logo\/image\/\"}}]}<\/script>\n<!-- \/ Yoast SEO plugin. -->","yoast_head_json":{"title":"Asociados - AJE Almer\u00eda","robots":{"index":"index","follow":"follow","max-snippet":"max-snippet:-1","max-image-preview":"max-image-preview:large","max-video-preview":"max-video-preview:-1"},"canonical":"http:\/\/ajeandalucia.org\/almeria\/asociados\/","og_locale":"es_ES","og_type":"article","og_title":"Asociados - AJE Almer\u00eda","og_description":"Asociados Buscar","og_url":"http:\/\/ajeandalucia.org\/almeria\/asociados\/","og_site_name":"AJE Almer\u00eda","article_modified_time":"2025-06-02T20:13:01+00:00","twitter_card":"summary_large_image","twitter_misc":{"Tiempo de lectura":"1 minuto"},"schema":{"@context":"https:\/\/schema.org","@graph":[{"@type":"WebPage","@id":"http:\/\/ajeandalucia.org\/almeria\/asociados\/","url":"http:\/\/ajeandalucia.org\/almeria\/asociados\/","name":"Asociados - AJE Almer\u00eda","isPartOf":{"@id":"https:\/\/ajeandalucia.org\/almeria\/#website"},"datePublished":"2025-01-28T13:56:13+00:00","dateModified":"2025-06-02T20:13:01+00:00","breadcrumb":{"@id":"http:\/\/ajeandalucia.org\/almeria\/asociados\/#breadcrumb"},"inLanguage":"es","potentialAction":[{"@type":"ReadAction","target":["http:\/\/ajeandalucia.org\/almeria\/asociados\/"]}]},{"@type":"BreadcrumbList","@id":"http:\/\/ajeandalucia.org\/almeria\/asociados\/#breadcrumb","itemListElement":[{"@type":"ListItem","position":1,"name":"Portada","item":"https:\/\/ajeandalucia.org\/almeria\/"},{"@type":"ListItem","position":2,"name":"Asociados"}]},{"@type":"WebSite","@id":"https:\/\/ajeandalucia.org\/almeria\/#website","url":"https:\/\/ajeandalucia.org\/almeria\/","name":"AJE Almer\u00eda","description":"Otro sitio m\u00e1s de AJE Andaluc\u00eda","publisher":{"@id":"https:\/\/ajeandalucia.org\/almeria\/#organization"},"potentialAction":[{"@type":"SearchAction","target":{"@type":"EntryPoint","urlTemplate":"https:\/\/ajeandalucia.org\/almeria\/?s={search_term_string}"},"query-input":{"@type":"PropertyValueSpecification","valueRequired":true,"valueName":"search_term_string"}}],"inLanguage":"es"},{"@type":"Organization","@id":"https:\/\/ajeandalucia.org\/almeria\/#organization","name":"AJE Almer\u00eda","url":"https:\/\/ajeandalucia.org\/almeria\/","logo":{"@type":"ImageObject","inLanguage":"es","@id":"https:\/\/ajeandalucia.org\/almeria\/#\/schema\/logo\/image\/","url":"https:\/\/ajeandalucia.org\/almeria\/wp-content\/uploads\/sites\/3\/2025\/01\/AJE-ALMERIA-horizontal.png","contentUrl":"https:\/\/ajeandalucia.org\/almeria\/wp-content\/uploads\/sites\/3\/2025\/01\/AJE-ALMERIA-horizontal.png","width":605,"height":200,"caption":"AJE Almer\u00eda"},"image":{"@id":"https:\/\/ajeandalucia.org\/almeria\/#\/schema\/logo\/image\/"}}]}},"_links":{"self":[{"href":"https:\/\/ajeandalucia.org\/almeria\/wp-json\/wp\/v2\/pages\/4572","targetHints":{"allow":["GET"]}}],"collection":[{"href":"https:\/\/ajeandalucia.org\/almeria\/wp-json\/wp\/v2\/pages"}],"about":[{"href":"https:\/\/ajeandalucia.org\/almeria\/wp-json\/wp\/v2\/types\/page"}],"author":[{"embeddable":true,"href":"https:\/\/ajeandalucia.org\/almeria\/wp-json\/wp\/v2\/users\/186"}],"replies":[{"embeddable":true,"href":"https:\/\/ajeandalucia.org\/almeria\/wp-json\/wp\/v2\/comments?post=4572"}],"version-history":[{"count":22,"href":"https:\/\/ajeandalucia.org\/almeria\/wp-json\/wp\/v2\/pages\/4572\/revisions"}],"predecessor-version":[{"id":5390,"href":"https:\/\/ajeandalucia.org\/almeria\/wp-json\/wp\/v2\/pages\/4572\/revisions\/5390"}],"wp:attachment":[{"href":"https:\/\/ajeandalucia.org\/almeria\/wp-json\/wp\/v2\/media?parent=4572"}],"curies":[{"name":"wp","href":"https:\/\/api.w.org\/{rel}","templated":true}]}}