{"id":78,"date":"2016-01-24T18:16:16","date_gmt":"2016-01-24T18:16:16","guid":{"rendered":"http:\/\/www.ajeandalucia.org\/demos3-2\/?page_id=78"},"modified":"2025-12-21T18:41:24","modified_gmt":"2025-12-21T17:41:24","slug":"saludo-del-presidente","status":"publish","type":"page","link":"https:\/\/ajeandalucia.org\/sevilla\/saludo-del-presidente\/","title":{"rendered":"Saludo del Presidente"},"content":{"rendered":"\t\t<div data-elementor-type=\"wp-page\" data-elementor-id=\"78\" class=\"elementor elementor-78\" data-elementor-post-type=\"page\">\n\t\t\t\t<div class=\"elementor-element elementor-element-5497201c e-flex e-con-boxed e-con e-parent\" data-id=\"5497201c\" data-element_type=\"container\" data-e-type=\"container\" data-settings=\"{&quot;background_background&quot;:&quot;classic&quot;,&quot;ekit_has_onepagescroll_dot&quot;:&quot;yes&quot;}\">\n\t\t\t\t\t<div class=\"e-con-inner\">\n\t\t\t\t<div class=\"elementor-element elementor-element-2e20e697 elementor-widget elementor-widget-heading\" data-id=\"2e20e697\" data-element_type=\"widget\" data-e-type=\"widget\" data-settings=\"{&quot;ekit_we_effect_on&quot;:&quot;none&quot;}\" data-widget_type=\"heading.default\">\n\t\t\t\t<div class=\"elementor-widget-container\">\n\t\t\t\t\t<h2 class=\"elementor-heading-title elementor-size-default\">Miguel \u00c1ngel P\u00e9rez<\/h2>\t\t\t\t<\/div>\n\t\t\t\t<\/div>\n\t\t\t\t<div class=\"elementor-element elementor-element-e4b39f5 elementor-widget__width-auto elementor-widget elementor-widget-heading\" data-id=\"e4b39f5\" data-element_type=\"widget\" data-e-type=\"widget\" data-settings=\"{&quot;ekit_we_effect_on&quot;:&quot;none&quot;}\" data-widget_type=\"heading.default\">\n\t\t\t\t<div class=\"elementor-widget-container\">\n\t\t\t\t\t<h2 class=\"elementor-heading-title elementor-size-default\">Saludo del Presidente<\/h2>\t\t\t\t<\/div>\n\t\t\t\t<\/div>\n\t\t\t\t\t<\/div>\n\t\t\t\t<\/div>\n\t\t<div class=\"elementor-element elementor-element-16d59363 e-flex e-con-boxed e-con e-parent\" data-id=\"16d59363\" data-element_type=\"container\" data-e-type=\"container\" data-settings=\"{&quot;ekit_has_onepagescroll_dot&quot;:&quot;yes&quot;}\">\n\t\t\t\t\t<div class=\"e-con-inner\">\n\t\t<div class=\"elementor-element elementor-element-66b38d76 e-con-full e-flex e-con e-child\" data-id=\"66b38d76\" data-element_type=\"container\" data-e-type=\"container\" data-settings=\"{&quot;animation&quot;:&quot;none&quot;,&quot;ekit_has_onepagescroll_dot&quot;:&quot;yes&quot;}\">\n\t\t\t\t<div class=\"elementor-element elementor-element-490d0d09 elementor-widget elementor-widget-image\" data-id=\"490d0d09\" data-element_type=\"widget\" data-e-type=\"widget\" data-settings=\"{&quot;ekit_we_effect_on&quot;:&quot;none&quot;}\" data-widget_type=\"image.default\">\n\t\t\t\t<div class=\"elementor-widget-container\">\n\t\t\t\t\t\t\t\t\t\t\t\t\t\t\t<img loading=\"lazy\" decoding=\"async\" width=\"1597\" height=\"2400\" src=\"https:\/\/ajeandalucia.org\/sevilla\/wp-content\/uploads\/sites\/11\/2025\/12\/Z617146.jpg\" class=\"attachment-full size-full wp-image-11993\" alt=\"\" srcset=\"https:\/\/ajeandalucia.org\/sevilla\/wp-content\/uploads\/sites\/11\/2025\/12\/Z617146.jpg 1597w, https:\/\/ajeandalucia.org\/sevilla\/wp-content\/uploads\/sites\/11\/2025\/12\/Z617146-200x300.jpg 200w, https:\/\/ajeandalucia.org\/sevilla\/wp-content\/uploads\/sites\/11\/2025\/12\/Z617146-681x1024.jpg 681w, https:\/\/ajeandalucia.org\/sevilla\/wp-content\/uploads\/sites\/11\/2025\/12\/Z617146-768x1154.jpg 768w, https:\/\/ajeandalucia.org\/sevilla\/wp-content\/uploads\/sites\/11\/2025\/12\/Z617146-1022x1536.jpg 1022w, https:\/\/ajeandalucia.org\/sevilla\/wp-content\/uploads\/sites\/11\/2025\/12\/Z617146-1363x2048.jpg 1363w, https:\/\/ajeandalucia.org\/sevilla\/wp-content\/uploads\/sites\/11\/2025\/12\/Z617146-600x902.jpg 600w\" sizes=\"auto, (max-width: 1597px) 100vw, 1597px\" \/>\t\t\t\t\t\t\t\t\t\t\t\t\t\t\t<\/div>\n\t\t\t\t<\/div>\n\t\t\t\t<div class=\"elementor-element elementor-element-845ad8c elementor-shape-rounded elementor-grid-0 e-grid-align-center elementor-widget elementor-widget-social-icons\" data-id=\"845ad8c\" data-element_type=\"widget\" data-e-type=\"widget\" data-settings=\"{&quot;ekit_we_effect_on&quot;:&quot;none&quot;}\" data-widget_type=\"social-icons.default\">\n\t\t\t\t<div class=\"elementor-widget-container\">\n\t\t\t\t\t\t\t<div class=\"elementor-social-icons-wrapper elementor-grid\">\n\t\t\t\t\t\t\t<span class=\"elementor-grid-item\">\n\t\t\t\t\t<a class=\"elementor-icon elementor-social-icon elementor-social-icon-linkedin elementor-repeater-item-428ff20\" href=\"https:\/\/es.linkedin.com\/in\/miguel-%C3%A1-p%C3%A9rez-8910091b0\" target=\"_blank\">\n\t\t\t\t\t\t<span class=\"elementor-screen-only\">Linkedin<\/span>\n\t\t\t\t\t\t<svg aria-hidden=\"true\" class=\"e-font-icon-svg e-fab-linkedin\" viewBox=\"0 0 448 512\" xmlns=\"http:\/\/www.w3.org\/2000\/svg\"><path d=\"M416 32H31.9C14.3 32 0 46.5 0 64.3v383.4C0 465.5 14.3 480 31.9 480H416c17.6 0 32-14.5 32-32.3V64.3c0-17.8-14.4-32.3-32-32.3zM135.4 416H69V202.2h66.5V416zm-33.2-243c-21.3 0-38.5-17.3-38.5-38.5S80.9 96 102.2 96c21.2 0 38.5 17.3 38.5 38.5 0 21.3-17.2 38.5-38.5 38.5zm282.1 243h-66.4V312c0-24.8-.5-56.7-34.5-56.7-34.6 0-39.9 27-39.9 54.9V416h-66.4V202.2h63.7v29.2h.9c8.9-16.8 30.6-34.5 62.9-34.5 67.2 0 79.7 44.3 79.7 101.9V416z\"><\/path><\/svg>\t\t\t\t\t<\/a>\n\t\t\t\t<\/span>\n\t\t\t\t\t<\/div>\n\t\t\t\t\t\t<\/div>\n\t\t\t\t<\/div>\n\t\t\t\t<\/div>\n\t\t<div class=\"elementor-element elementor-element-4bdb8b6d e-con-full e-flex e-con e-child\" data-id=\"4bdb8b6d\" data-element_type=\"container\" data-e-type=\"container\" data-settings=\"{&quot;ekit_has_onepagescroll_dot&quot;:&quot;yes&quot;}\">\n\t\t\t\t<div class=\"elementor-element elementor-element-417515dc elementor-widget__width-initial elementor-widget-mobile__width-inherit elementor-invisible elementor-widget elementor-widget-text-editor\" data-id=\"417515dc\" data-element_type=\"widget\" data-e-type=\"widget\" data-settings=\"{&quot;_animation&quot;:&quot;fadeIn&quot;,&quot;ekit_we_effect_on&quot;:&quot;none&quot;}\" data-widget_type=\"text-editor.default\">\n\t\t\t\t<div class=\"elementor-widget-container\">\n\t\t\t\t\t\t\t\t\t<p><strong>Estimados j\u00f3venes empresarios:<\/strong><\/p><p>En primer lugar quiero trasladaros el agradecimiento, ilusi\u00f3n y las ganas de trabajar por parte de mi comit\u00e9 ejecutivo y de m\u00ed mismo para dirigir esta asociaci\u00f3n que aporta tanto al joven empresario y al resto del tejido empresarial de la provincia de Sevilla.<\/p><p>Ante los nuevos retos que se nos presentan hoy en d\u00eda a los j\u00f3venes empresarios para hacernos hueco en este mundo tan cambiante y estimulante como es el empresarial, queremos ser vuestro punto de apoyo para hacer de vuestros sue\u00f1os una realidad y poder poner nuestro granito de arena para haceros crecer y demostrar el gran potencial que reside en la provincia de Sevilla.<\/p><p>La formaci\u00f3n para y por el empresario, la representatividad del joven empresario ante TODAS las instituciones y el fomento de sinergias empresariales a lo largo y ancho de toda la provincia son nuestras tres principales bases para hacer de esta asociaci\u00f3n \u00fatil e innovadora para conseguir los objetivos de sus asociados.<\/p><p>Juntos somos m\u00e1s fuertes, que nadie nos imponga nuestros propios l\u00edmites.<\/p>\t\t\t\t\t\t\t\t<\/div>\n\t\t\t\t<\/div>\n\t\t\t\t<div class=\"elementor-element elementor-element-41978e78 elementor-blockquote--skin-border elementor-widget elementor-widget-blockquote\" data-id=\"41978e78\" data-element_type=\"widget\" data-e-type=\"widget\" data-settings=\"{&quot;ekit_we_effect_on&quot;:&quot;none&quot;}\" data-widget_type=\"blockquote.default\">\n\t\t\t\t<div class=\"elementor-widget-container\">\n\t\t\t\t\t\t\t<blockquote class=\"elementor-blockquote\">\n\t\t\t<p class=\"elementor-blockquote__content\">\n\t\t\t\tPresidente AJE Sevilla\t\t\t<\/p>\n\t\t\t\t\t\t\t<div class=\"e-q-footer\">\n\t\t\t\t\t\t\t\t\t\t\t<cite class=\"elementor-blockquote__author\">Miguel \u00c1ngel P\u00e9rez<\/cite>\n\t\t\t\t\t\t\t\t\t\t\t\t\t\t<\/div>\n\t\t\t\t\t<\/blockquote>\n\t\t\t\t\t\t<\/div>\n\t\t\t\t<\/div>\n\t\t\t\t<\/div>\n\t\t\t\t\t<\/div>\n\t\t\t\t<\/div>\n\t\t<div class=\"elementor-element elementor-element-1de0e92 e-flex e-con-boxed e-con e-parent\" data-id=\"1de0e92\" data-element_type=\"container\" data-e-type=\"container\" data-settings=\"{&quot;ekit_has_onepagescroll_dot&quot;:&quot;yes&quot;}\">\n\t\t\t\t\t<div class=\"e-con-inner\">\n\t\t\t\t\t<\/div>\n\t\t\t\t<\/div>\n\t\t\t\t<\/div>\n\t\t","protected":false},"excerpt":{"rendered":"<p>Miguel \u00c1ngel P\u00e9rez Saludo del Presidente Linkedin Estimados j\u00f3venes empresarios: En primer lugar quiero trasladaros el agradecimiento, ilusi\u00f3n y las [&hellip;]<\/p>\n","protected":false},"author":11,"featured_media":0,"parent":0,"menu_order":0,"comment_status":"closed","ping_status":"closed","template":"elementor_header_footer","meta":{"_acf_changed":false,"site-sidebar-layout":"no-sidebar","site-content-layout":"","ast-site-content-layout":"full-width-container","site-content-style":"unboxed","site-sidebar-style":"unboxed","ast-global-header-display":"","ast-banner-title-visibility":"","ast-main-header-display":"disabled","ast-hfb-above-header-display":"","ast-hfb-below-header-display":"","ast-hfb-mobile-header-display":"disabled","site-post-title":"disabled","ast-breadcrumbs-content":"disabled","ast-featured-img":"disabled","footer-sml-layout":"disabled","ast-disable-related-posts":"","theme-transparent-header-meta":"default","adv-header-id-meta":"","stick-header-meta":"","header-above-stick-meta":"","header-main-stick-meta":"","header-below-stick-meta":"","astra-migrate-meta-layouts":"set","ast-page-background-enabled":"default","ast-page-background-meta":{"desktop":{"background-color":"var(--ast-global-color-5)","background-image":"","background-repeat":"repeat","background-position":"center center","background-size":"auto","background-attachment":"scroll","background-type":"","background-media":"","overlay-type":"","overlay-color":"","overlay-opacity":"","overlay-gradient":""},"tablet":{"background-color":"","background-image":"","background-repeat":"repeat","background-position":"center center","background-size":"auto","background-attachment":"scroll","background-type":"","background-media":"","overlay-type":"","overlay-color":"","overlay-opacity":"","overlay-gradient":""},"mobile":{"background-color":"","background-image":"","background-repeat":"repeat","background-position":"center center","background-size":"auto","background-attachment":"scroll","background-type":"","background-media":"","overlay-type":"","overlay-color":"","overlay-opacity":"","overlay-gradient":""}},"ast-content-background-meta":{"desktop":{"background-color":"var(--ast-global-color-4)","background-image":"","background-repeat":"repeat","background-position":"center center","background-size":"auto","background-attachment":"scroll","background-type":"","background-media":"","overlay-type":"","overlay-color":"","overlay-opacity":"","overlay-gradient":""},"tablet":{"background-color":"var(--ast-global-color-4)","background-image":"","background-repeat":"repeat","background-position":"center center","background-size":"auto","background-attachment":"scroll","background-type":"","background-media":"","overlay-type":"","overlay-color":"","overlay-opacity":"","overlay-gradient":""},"mobile":{"background-color":"var(--ast-global-color-4)","background-image":"","background-repeat":"repeat","background-position":"center center","background-size":"auto","background-attachment":"scroll","background-type":"","background-media":"","overlay-type":"","overlay-color":"","overlay-opacity":"","overlay-gradient":""}},"footnotes":""},"class_list":["post-78","page","type-page","status-publish","hentry"],"acf":[],"yoast_head":"<!-- This site is optimized with the Yoast SEO plugin v26.9 - https:\/\/yoast.com\/product\/yoast-seo-wordpress\/ -->\n<title>Saludo del Presidente - AJE Sevilla<\/title>\n<meta name=\"robots\" content=\"index, follow, max-snippet:-1, max-image-preview:large, max-video-preview:-1\" \/>\n<link rel=\"canonical\" href=\"https:\/\/ajeandalucia.org\/sevilla\/saludo-del-presidente\/\" \/>\n<meta property=\"og:locale\" content=\"es_ES\" \/>\n<meta property=\"og:type\" content=\"article\" \/>\n<meta property=\"og:title\" content=\"Saludo del Presidente - AJE Sevilla\" \/>\n<meta property=\"og:description\" content=\"Miguel \u00c1ngel P\u00e9rez Saludo del Presidente Linkedin Estimados j\u00f3venes empresarios: En primer lugar quiero trasladaros el agradecimiento, ilusi\u00f3n y las [&hellip;]\" \/>\n<meta property=\"og:url\" content=\"https:\/\/ajeandalucia.org\/sevilla\/saludo-del-presidente\/\" \/>\n<meta property=\"og:site_name\" content=\"AJE Sevilla\" \/>\n<meta property=\"article:modified_time\" content=\"2025-12-21T17:41:24+00:00\" \/>\n<meta property=\"og:image\" content=\"https:\/\/ajeandalucia.org\/sevilla\/wp-content\/uploads\/sites\/11\/2025\/12\/Z617146.jpg\" \/>\n\t<meta property=\"og:image:width\" content=\"1597\" \/>\n\t<meta property=\"og:image:height\" content=\"2400\" \/>\n\t<meta property=\"og:image:type\" content=\"image\/jpeg\" \/>\n<meta name=\"twitter:card\" content=\"summary_large_image\" \/>\n<meta name=\"twitter:label1\" content=\"Tiempo de lectura\" \/>\n\t<meta name=\"twitter:data1\" content=\"2 minutos\" \/>\n<script type=\"application\/ld+json\" class=\"yoast-schema-graph\">{\"@context\":\"https:\/\/schema.org\",\"@graph\":[{\"@type\":\"WebPage\",\"@id\":\"https:\/\/ajeandalucia.org\/sevilla\/saludo-del-presidente\/\",\"url\":\"https:\/\/ajeandalucia.org\/sevilla\/saludo-del-presidente\/\",\"name\":\"Saludo del Presidente - AJE Sevilla\",\"isPartOf\":{\"@id\":\"https:\/\/ajeandalucia.org\/sevilla\/#website\"},\"primaryImageOfPage\":{\"@id\":\"https:\/\/ajeandalucia.org\/sevilla\/saludo-del-presidente\/#primaryimage\"},\"image\":{\"@id\":\"https:\/\/ajeandalucia.org\/sevilla\/saludo-del-presidente\/#primaryimage\"},\"thumbnailUrl\":\"http:\/\/ajeandalucia.org\/sevilla\/wp-content\/uploads\/sites\/11\/2025\/12\/Z617146.jpg\",\"datePublished\":\"2016-01-24T18:16:16+00:00\",\"dateModified\":\"2025-12-21T17:41:24+00:00\",\"breadcrumb\":{\"@id\":\"https:\/\/ajeandalucia.org\/sevilla\/saludo-del-presidente\/#breadcrumb\"},\"inLanguage\":\"es\",\"potentialAction\":[{\"@type\":\"ReadAction\",\"target\":[\"https:\/\/ajeandalucia.org\/sevilla\/saludo-del-presidente\/\"]}]},{\"@type\":\"ImageObject\",\"inLanguage\":\"es\",\"@id\":\"https:\/\/ajeandalucia.org\/sevilla\/saludo-del-presidente\/#primaryimage\",\"url\":\"https:\/\/ajeandalucia.org\/sevilla\/wp-content\/uploads\/sites\/11\/2025\/12\/Z617146.jpg\",\"contentUrl\":\"https:\/\/ajeandalucia.org\/sevilla\/wp-content\/uploads\/sites\/11\/2025\/12\/Z617146.jpg\",\"width\":1597,\"height\":2400},{\"@type\":\"BreadcrumbList\",\"@id\":\"https:\/\/ajeandalucia.org\/sevilla\/saludo-del-presidente\/#breadcrumb\",\"itemListElement\":[{\"@type\":\"ListItem\",\"position\":1,\"name\":\"Portada\",\"item\":\"https:\/\/ajeandalucia.org\/sevilla\/\"},{\"@type\":\"ListItem\",\"position\":2,\"name\":\"Saludo del Presidente\"}]},{\"@type\":\"WebSite\",\"@id\":\"https:\/\/ajeandalucia.org\/sevilla\/#website\",\"url\":\"https:\/\/ajeandalucia.org\/sevilla\/\",\"name\":\"AJE Sevilla\",\"description\":\"Asociaci\u00f3n de J\u00f3venes Empresarios de Sevilla\",\"publisher\":{\"@id\":\"https:\/\/ajeandalucia.org\/sevilla\/#organization\"},\"potentialAction\":[{\"@type\":\"SearchAction\",\"target\":{\"@type\":\"EntryPoint\",\"urlTemplate\":\"https:\/\/ajeandalucia.org\/sevilla\/?s={search_term_string}\"},\"query-input\":{\"@type\":\"PropertyValueSpecification\",\"valueRequired\":true,\"valueName\":\"search_term_string\"}}],\"inLanguage\":\"es\"},{\"@type\":\"Organization\",\"@id\":\"https:\/\/ajeandalucia.org\/sevilla\/#organization\",\"name\":\"AJE Sevilla\",\"url\":\"https:\/\/ajeandalucia.org\/sevilla\/\",\"logo\":{\"@type\":\"ImageObject\",\"inLanguage\":\"es\",\"@id\":\"https:\/\/ajeandalucia.org\/sevilla\/#\/schema\/logo\/image\/\",\"url\":\"https:\/\/ajeandalucia.org\/sevilla\/wp-content\/uploads\/sites\/11\/2025\/02\/AJE-SEVILLA-horizontal.png\",\"contentUrl\":\"https:\/\/ajeandalucia.org\/sevilla\/wp-content\/uploads\/sites\/11\/2025\/02\/AJE-SEVILLA-horizontal.png\",\"width\":612,\"height\":200,\"caption\":\"AJE Sevilla\"},\"image\":{\"@id\":\"https:\/\/ajeandalucia.org\/sevilla\/#\/schema\/logo\/image\/\"}}]}<\/script>\n<!-- \/ Yoast SEO plugin. -->","yoast_head_json":{"title":"Saludo del Presidente - AJE Sevilla","robots":{"index":"index","follow":"follow","max-snippet":"max-snippet:-1","max-image-preview":"max-image-preview:large","max-video-preview":"max-video-preview:-1"},"canonical":"https:\/\/ajeandalucia.org\/sevilla\/saludo-del-presidente\/","og_locale":"es_ES","og_type":"article","og_title":"Saludo del Presidente - AJE Sevilla","og_description":"Miguel \u00c1ngel P\u00e9rez Saludo del Presidente Linkedin Estimados j\u00f3venes empresarios: En primer lugar quiero trasladaros el agradecimiento, ilusi\u00f3n y las [&hellip;]","og_url":"https:\/\/ajeandalucia.org\/sevilla\/saludo-del-presidente\/","og_site_name":"AJE Sevilla","article_modified_time":"2025-12-21T17:41:24+00:00","og_image":[{"width":1597,"height":2400,"url":"https:\/\/ajeandalucia.org\/sevilla\/wp-content\/uploads\/sites\/11\/2025\/12\/Z617146.jpg","type":"image\/jpeg"}],"twitter_card":"summary_large_image","twitter_misc":{"Tiempo de lectura":"2 minutos"},"schema":{"@context":"https:\/\/schema.org","@graph":[{"@type":"WebPage","@id":"https:\/\/ajeandalucia.org\/sevilla\/saludo-del-presidente\/","url":"https:\/\/ajeandalucia.org\/sevilla\/saludo-del-presidente\/","name":"Saludo del Presidente - AJE Sevilla","isPartOf":{"@id":"https:\/\/ajeandalucia.org\/sevilla\/#website"},"primaryImageOfPage":{"@id":"https:\/\/ajeandalucia.org\/sevilla\/saludo-del-presidente\/#primaryimage"},"image":{"@id":"https:\/\/ajeandalucia.org\/sevilla\/saludo-del-presidente\/#primaryimage"},"thumbnailUrl":"http:\/\/ajeandalucia.org\/sevilla\/wp-content\/uploads\/sites\/11\/2025\/12\/Z617146.jpg","datePublished":"2016-01-24T18:16:16+00:00","dateModified":"2025-12-21T17:41:24+00:00","breadcrumb":{"@id":"https:\/\/ajeandalucia.org\/sevilla\/saludo-del-presidente\/#breadcrumb"},"inLanguage":"es","potentialAction":[{"@type":"ReadAction","target":["https:\/\/ajeandalucia.org\/sevilla\/saludo-del-presidente\/"]}]},{"@type":"ImageObject","inLanguage":"es","@id":"https:\/\/ajeandalucia.org\/sevilla\/saludo-del-presidente\/#primaryimage","url":"https:\/\/ajeandalucia.org\/sevilla\/wp-content\/uploads\/sites\/11\/2025\/12\/Z617146.jpg","contentUrl":"https:\/\/ajeandalucia.org\/sevilla\/wp-content\/uploads\/sites\/11\/2025\/12\/Z617146.jpg","width":1597,"height":2400},{"@type":"BreadcrumbList","@id":"https:\/\/ajeandalucia.org\/sevilla\/saludo-del-presidente\/#breadcrumb","itemListElement":[{"@type":"ListItem","position":1,"name":"Portada","item":"https:\/\/ajeandalucia.org\/sevilla\/"},{"@type":"ListItem","position":2,"name":"Saludo del Presidente"}]},{"@type":"WebSite","@id":"https:\/\/ajeandalucia.org\/sevilla\/#website","url":"https:\/\/ajeandalucia.org\/sevilla\/","name":"AJE Sevilla","description":"Asociaci\u00f3n de J\u00f3venes Empresarios de Sevilla","publisher":{"@id":"https:\/\/ajeandalucia.org\/sevilla\/#organization"},"potentialAction":[{"@type":"SearchAction","target":{"@type":"EntryPoint","urlTemplate":"https:\/\/ajeandalucia.org\/sevilla\/?s={search_term_string}"},"query-input":{"@type":"PropertyValueSpecification","valueRequired":true,"valueName":"search_term_string"}}],"inLanguage":"es"},{"@type":"Organization","@id":"https:\/\/ajeandalucia.org\/sevilla\/#organization","name":"AJE Sevilla","url":"https:\/\/ajeandalucia.org\/sevilla\/","logo":{"@type":"ImageObject","inLanguage":"es","@id":"https:\/\/ajeandalucia.org\/sevilla\/#\/schema\/logo\/image\/","url":"https:\/\/ajeandalucia.org\/sevilla\/wp-content\/uploads\/sites\/11\/2025\/02\/AJE-SEVILLA-horizontal.png","contentUrl":"https:\/\/ajeandalucia.org\/sevilla\/wp-content\/uploads\/sites\/11\/2025\/02\/AJE-SEVILLA-horizontal.png","width":612,"height":200,"caption":"AJE Sevilla"},"image":{"@id":"https:\/\/ajeandalucia.org\/sevilla\/#\/schema\/logo\/image\/"}}]}},"_links":{"self":[{"href":"https:\/\/ajeandalucia.org\/sevilla\/wp-json\/wp\/v2\/pages\/78","targetHints":{"allow":["GET"]}}],"collection":[{"href":"https:\/\/ajeandalucia.org\/sevilla\/wp-json\/wp\/v2\/pages"}],"about":[{"href":"https:\/\/ajeandalucia.org\/sevilla\/wp-json\/wp\/v2\/types\/page"}],"author":[{"embeddable":true,"href":"https:\/\/ajeandalucia.org\/sevilla\/wp-json\/wp\/v2\/users\/11"}],"replies":[{"embeddable":true,"href":"https:\/\/ajeandalucia.org\/sevilla\/wp-json\/wp\/v2\/comments?post=78"}],"version-history":[{"count":51,"href":"https:\/\/ajeandalucia.org\/sevilla\/wp-json\/wp\/v2\/pages\/78\/revisions"}],"predecessor-version":[{"id":12012,"href":"https:\/\/ajeandalucia.org\/sevilla\/wp-json\/wp\/v2\/pages\/78\/revisions\/12012"}],"wp:attachment":[{"href":"https:\/\/ajeandalucia.org\/sevilla\/wp-json\/wp\/v2\/media?parent=78"}],"curies":[{"name":"wp","href":"https:\/\/api.w.org\/{rel}","templated":true}]}}