{"id":15,"date":"2016-01-24T17:17:20","date_gmt":"2016-01-24T17:17:20","guid":{"rendered":"http:\/\/www.ajeandalucia.org\/demos3-2\/?page_id=15"},"modified":"2023-11-20T12:18:44","modified_gmt":"2023-11-20T12:18:44","slug":"inicio","status":"publish","type":"page","link":"https:\/\/ajeandalucia.org\/university-entrepreneurs-fest\/","title":{"rendered":"Inicio"},"content":{"rendered":"<p>[vc_row section_id=&#8221;home&#8221; container=&#8221;0&#8243; fullwidth=&#8221;no&#8221; bg_image_custom=&#8221;121&#8243; el_id=&#8221;home&#8221; css=&#8221;.vc_custom_1599043203487{margin-top: 0px !important;margin-bottom: 0px !important;border-top-width: 0px !important;border-bottom-width: 0px !important;padding-top: 0px !important;padding-bottom: 0px !important;background-position: center !important;background-repeat: no-repeat !important;background-size: cover !important;}&#8221; parallax_bg=&#8221;1&#8243; stellar_background_ratio=&#8221;0.6&#8243;][vc_column css=&#8221;.vc_custom_1417507329606{padding-bottom: 0px !important;}&#8221;][vc_column_text][slideshow slug_group=&#8221;slideshow-1&#8243; auto_slider=&#8221;false&#8221; navigation=&#8221;false&#8221; loop=&#8221;false&#8221;][\/vc_column_text][\/vc_column][\/vc_row][vc_row section_id=&#8221;que-es-aje&#8221; css=&#8221;.vc_custom_1450212229026{margin-top: 0px !important;margin-bottom: 0px !important;border-top-width: 0px !important;border-bottom-width: 0px !important;padding-top: 70px !important;padding-bottom: 70px !important;}&#8221; fullwidth=&#8221;no&#8221; el_id=&#8221;about&#8221; parallax_bg=&#8221;0&#8243; stellar_background_ratio=&#8221;0.6&#8243;][vc_column css=&#8221;.vc_custom_1417501673381{padding-bottom: 40px !important;}&#8221;][vc_column_text][heading title=&#8221;UNIVERSITY ENTREPRENEURS FEST&#8221; subtitle=&#8221;Universidad de Granada y Universidad Loyola Sevilla&#8221; fontclass=&#8221;fa-star&#8221; delay=&#8221;300&#8243; icon_style=&#8221;crcle&#8221;][vc_column_text]Congreso de emprendimiento destinado a emprendedores universitarios que se encuentran a punto de salir al mercado laboral y que, frente a la necesidad de encontrar un empleo, tienen inquietudes por desarrollar su propia iniciativa emprendedora.<\/p>\n<p>UNIVERSITY ENTREPRENEURS FEST se compondr\u00e1 de un variado programa de ponencias, mesas redondas, networkings y conciertos, donde se tratar\u00e1n las tem\u00e1ticas de \u00faltima actualidad para el ecosistema emprendedor universitario andaluz, entre los que se encontrar\u00e1n las claves de la puesta en marcha de un proyecto empresarial, las \u00faltimas tendencias de negocio, transformaci\u00f3n digital o como financiar un negocio.[\/vc_column_text][\/vc_column][vc_column width=&#8221;1\/2&#8243;][vc_column_text css=&#8221;.vc_custom_1700129321031{margin-bottom: 15px !important;}&#8221;]<strong>PROGRAMA UNIVERSIDAD DE GRANADA 29\/11\/2023<\/strong><\/p>\n<p>FACULTAD DE CIENCIAS ECON\u00d3MICAS Y EMPRESARIALES (Campus Universitario de Cartuja.\u00a0<span class=\"LrzXr\">Paseo de Cartuja, 7. Granada)<\/span><\/p>\n<ul>\n<li><strong>10:30 &#8211; 11:00 horas. Inauguraci\u00f3n<\/strong><\/li>\n<li><strong>11:00 &#8211; 11:45 horas. Fackup day at work. <\/strong>Historias de fracasos en el emprendimiento.<\/li>\n<li><strong>11:45 &#8211; 12:30 horas. WorkShop. <\/strong>Mesa redonda destinada a la presentaci\u00f3n de iniciativas de emprendedores universitarios.<\/li>\n<li><strong>12:30 &#8211; 13:15 horas. Liderazgo basado en inteligencia emocional.\u00a0<\/strong>Taller que se centra en el desarrollo de la marca personal a trav\u00e9s de las habilidades emocionales y sociales para liderar de manera efectiva.<\/li>\n<li><strong>12:30 &#8211; 13:15 horas. First Dates University. <\/strong>Entrevistas de 15 minutos (B2B) entre emprendedores universitarios y j\u00f3venes empresarios.<\/li>\n<\/ul>\n<p>&nbsp;<\/p>\n<p>FACULTAD DE FILOSOF\u00cdA Y LETRAS (Campus Universitario de Cartuja. Calle del Profesor Clavera, s\/n. Granada)<\/p>\n<ul>\n<li><strong>13:30 &#8211; 14:15 horas. Concierto Indie. <\/strong>Arena Polar.<\/li>\n<li><strong>16:00 &#8211; 18:00 horas. Comunicaci\u00f3n efectiva.<\/strong> Tu cuerpo tiene las claves.<\/li>\n<li><strong>18:00 &#8211; 18:30 horas. Descanso.<\/strong><\/li>\n<li><strong>18:30 &#8211; 20:30 horas. Taller de creatividad.<\/strong><\/li>\n<\/ul>\n<p>[\/vc_column_text][\/vc_column][vc_column width=&#8221;1\/2&#8243;][vc_column_text css=&#8221;.vc_custom_1700129332966{margin-bottom: 15px !important;}&#8221;]<strong>PROGRAMA UNIVERSIDAD LOYOLA DE SEVILLA 01\/12\/2023<\/strong><\/p>\n<p>UNIVERSIDAD LOYOLA (Avenida de las Universidades, 2. Dos Hermanas, Sevilla)<\/p>\n<ul>\n<li><strong>10:30 &#8211; 11:00 horas. Inauguraci\u00f3n<\/strong><\/li>\n<li><strong>11:00 &#8211; 11:45 horas. Fackup day at work. <\/strong>Historias de fracasos en el emprendimiento.<\/li>\n<li><strong>11:45 &#8211; 12:30 horas. WorkShop. <\/strong>Mesa redonda destinada a la presentaci\u00f3n de iniciativas de emprendedores universitarios.<\/li>\n<li><strong>12:30 &#8211; 13:15 horas. Liderazgo basado en inteligencia emocional.<\/strong>Taller que se centra en el desarrollo de la marca personal a trav\u00e9s de las habilidades emocionales y sociales para liderar de manera efectiva.<\/li>\n<li><strong>12:30 &#8211; 13:15 horas. First Dates University. <\/strong>Entrevistas de 15 minutos (B2B) entre emprendedores universitarios y j\u00f3venes empresarios.<\/li>\n<li><strong>13:30 &#8211; 14:15 horas. Concierto Indie.<\/strong> Arena Polar<\/li>\n<\/ul>\n<p>[\/vc_column_text][\/vc_column][\/vc_row][vc_row section_id=&#8221;que-es-aje&#8221; css=&#8221;.vc_custom_1700127625576{margin-top: 0px !important;margin-bottom: 0px !important;border-top-width: 0px !important;border-bottom-width: 0px !important;padding-top: 10px !important;padding-bottom: 70px !important;}&#8221; fullwidth=&#8221;no&#8221; el_id=&#8221;about&#8221; parallax_bg=&#8221;0&#8243; stellar_background_ratio=&#8221;0.6&#8243;][vc_column css=&#8221;.vc_custom_1417501673381{padding-bottom: 40px !important;}&#8221;][vc_column_text][heading title=&#8221;FIRST DATES UNIVERSITY&#8221; subtitle=&#8221;Solicita tu reuni\u00f3n con j\u00f3venes empresarios&#8221; fontclass=&#8221;fa-star&#8221; delay=&#8221;300&#8243; icon_style=&#8221;crcle&#8221;][vc_column_text]Entrevistas de 15 minutos de duraci\u00f3n entre emprendedores universitarios y j\u00f3venes empresarios.<\/p>\n<p>Selecciona la empresa con la que desees reunirte y pres\u00e9ntale tu proyecto para conseguir cooperaci\u00f3n empresarial, acompa\u00f1amiento emprendedor, traslado de experiencia o intraemprendimiento.[\/vc_column_text][\/vc_column][vc_column][vc_column_text]<\/p>\n<h3 style=\"text-align: center;\"><strong>EMPRESAS DISPONIBLES EN GRANADA<\/strong><\/h3>\n<p>[\/vc_column_text][\/vc_column][vc_column width=&#8221;1\/4&#8243;][vc_single_image image=&#8221;1570&#8243; img_size=&#8221;150 x 150&#8243; add_caption=&#8221;yes&#8221; alignment=&#8221;center&#8221; style=&#8221;vc_box_shadow_3d&#8221; onclick=&#8221;custom_link&#8221; title=&#8221;LTA Abogados&#8221; link=&#8221;https:\/\/www.ajeandalucia.org\/university-entrepreneurs-fest\/lta\/&#8221;][vc_single_image image=&#8221;1632&#8243; img_size=&#8221;150 x 150&#8243; add_caption=&#8221;yes&#8221; alignment=&#8221;center&#8221; style=&#8221;vc_box_shadow_3d&#8221; onclick=&#8221;custom_link&#8221; title=&#8221;Palumbo Marketing&#8221; link=&#8221;https:\/\/www.ajeandalucia.org\/university-entrepreneurs-fest\/granada-palumbo\/&#8221;][\/vc_column][vc_column width=&#8221;1\/4&#8243;][vc_single_image image=&#8221;1552&#8243; img_size=&#8221;150 X 150&#8243; add_caption=&#8221;yes&#8221; alignment=&#8221;center&#8221; style=&#8221;vc_box_shadow_3d&#8221; onclick=&#8221;custom_link&#8221; title=&#8221;Tm-Digital&#8221; link=&#8221;https:\/\/www.ajeandalucia.org\/university-entrepreneurs-fest\/tm-digital\/&#8221;][\/vc_column][vc_column width=&#8221;1\/4&#8243;][vc_single_image image=&#8221;1574&#8243; img_size=&#8221;150 x 150&#8243; add_caption=&#8221;yes&#8221; alignment=&#8221;center&#8221; style=&#8221;vc_box_shadow_3d&#8221; onclick=&#8221;custom_link&#8221; title=&#8221;AMAT Arquitectos&#8221; link=&#8221;https:\/\/www.ajeandalucia.org\/university-entrepreneurs-fest\/amat\/&#8221;][\/vc_column][vc_column width=&#8221;1\/4&#8243;][vc_single_image image=&#8221;1579&#8243; img_size=&#8221;150 x 150&#8243; add_caption=&#8221;yes&#8221; alignment=&#8221;center&#8221; style=&#8221;vc_box_shadow_3d&#8221; onclick=&#8221;custom_link&#8221; title=&#8221;Hispacolex&#8221; link=&#8221;https:\/\/www.ajeandalucia.org\/university-entrepreneurs-fest\/hispacolex\/&#8221;][\/vc_column][vc_column css=&#8221;.vc_custom_1699470976652{padding-top: 40px !important;}&#8221;][vc_column_text]<\/p>\n<h3 style=\"text-align: center;\"><strong>EMPRESAS DISPONIBLES EN SEVILLA<\/strong><\/h3>\n<p>[\/vc_column_text][\/vc_column][vc_column width=&#8221;1\/4&#8243;][vc_single_image image=&#8221;1605&#8243; img_size=&#8221;150 x 150&#8243; add_caption=&#8221;yes&#8221; alignment=&#8221;center&#8221; style=&#8221;vc_box_shadow_3d&#8221; onclick=&#8221;custom_link&#8221; title=&#8221;Jessica Hidalgo&#8221; link=&#8221;https:\/\/www.ajeandalucia.org\/university-entrepreneurs-fest\/jessica-hidalgo\/&#8221;][\/vc_column][vc_column width=&#8221;1\/4&#8243;][vc_single_image image=&#8221;1610&#8243; img_size=&#8221;150 x 150&#8243; add_caption=&#8221;yes&#8221; alignment=&#8221;center&#8221; style=&#8221;vc_box_shadow_3d&#8221; onclick=&#8221;custom_link&#8221; title=&#8221;Pymes Magazine&#8221; link=&#8221;https:\/\/www.ajeandalucia.org\/university-entrepreneurs-fest\/pymes\/&#8221;][\/vc_column][vc_column width=&#8221;1\/4&#8243;][vc_single_image image=&#8221;1609&#8243; img_size=&#8221;150 x 150&#8243; add_caption=&#8221;yes&#8221; alignment=&#8221;center&#8221; style=&#8221;vc_box_shadow_3d&#8221; onclick=&#8221;custom_link&#8221; title=&#8221;Tablao Flamenco&#8221; link=&#8221;https:\/\/www.ajeandalucia.org\/university-entrepreneurs-fest\/tablao\/&#8221;][\/vc_column][vc_column width=&#8221;1\/4&#8243;][vc_single_image image=&#8221;1618&#8243; img_size=&#8221;150 x 150&#8243; add_caption=&#8221;yes&#8221; alignment=&#8221;center&#8221; style=&#8221;vc_box_shadow_3d&#8221; onclick=&#8221;custom_link&#8221; title=&#8221;Alkimia Proyectos&#8221; link=&#8221;https:\/\/www.ajeandalucia.org\/university-entrepreneurs-fest\/sevilla-alkimista\/&#8221;][\/vc_column][\/vc_row][vc_row][vc_column][vc_single_image image=&#8221;1536&#8243; img_size=&#8221;547&#215;150&#8243; alignment=&#8221;center&#8221;][\/vc_column][\/vc_row]<\/p>\n","protected":false},"excerpt":{"rendered":"<p>[vc_row section_id=&#8221;home&#8221; container=&#8221;0&#8243; fullwidth=&#8221;no&#8221; bg_image_custom=&#8221;121&#8243; el_id=&#8221;home&#8221; css=&#8221;.vc_custom_1599043203487{margin-top: 0px !important;margin-bottom: 0px !important;border-top-width: 0px !important;border-bottom-width: 0px !important;padding-top: 0px !important;padding-bottom: 0px !important;background-position: center !important;background-repeat: no-repeat !important;background-size: cover !important;}&#8221; parallax_bg=&#8221;1&#8243; stellar_background_ratio=&#8221;0.6&#8243;][vc_column css=&#8221;.vc_custom_1417507329606{padding-bottom: 0px !important;}&#8221;][vc_column_text][slideshow slug_group=&#8221;slideshow-1&#8243; auto_slider=&#8221;false&#8221; navigation=&#8221;false&#8221; loop=&#8221;false&#8221;][\/vc_column_text][\/vc_column][\/vc_row][vc_row section_id=&#8221;que-es-aje&#8221; css=&#8221;.vc_custom_1450212229026{margin-top: 0px !important;margin-bottom: 0px !important;border-top-width: 0px !important;border-bottom-width:<\/p>\n","protected":false},"author":11,"featured_media":0,"parent":0,"menu_order":0,"comment_status":"closed","ping_status":"closed","template":"home_template.php","meta":{"_acf_changed":false,"footnotes":""},"class_list":["post-15","page","type-page","status-publish","hentry"],"acf":[],"yoast_head":"<!-- This site is optimized with the Yoast SEO plugin v26.9 - https:\/\/yoast.com\/product\/yoast-seo-wordpress\/ -->\n<title>Inicio - University Entrepreneurs Fest<\/title>\n<meta name=\"robots\" content=\"index, follow, max-snippet:-1, max-image-preview:large, max-video-preview:-1\" \/>\n<link rel=\"canonical\" href=\"https:\/\/ajeandalucia.org\/university-entrepreneurs-fest\/\" \/>\n<meta property=\"og:locale\" content=\"es_ES\" \/>\n<meta property=\"og:type\" content=\"article\" \/>\n<meta property=\"og:title\" content=\"Inicio - University Entrepreneurs Fest\" \/>\n<meta property=\"og:description\" content=\"[vc_row section_id=&#8221;home&#8221; container=&#8221;0&#8243; fullwidth=&#8221;no&#8221; bg_image_custom=&#8221;121&#8243; el_id=&#8221;home&#8221; css=&#8221;.vc_custom_1599043203487{margin-top: 0px !important;margin-bottom: 0px !important;border-top-width: 0px !important;border-bottom-width: 0px !important;padding-top: 0px !important;padding-bottom: 0px !important;background-position: center !important;background-repeat: no-repeat !important;background-size: cover !important;}&#8221; parallax_bg=&#8221;1&#8243; stellar_background_ratio=&#8221;0.6&#8243;][vc_column css=&#8221;.vc_custom_1417507329606{padding-bottom: 0px !important;}&#8221;][vc_column_text][slideshow slug_group=&#8221;slideshow-1&#8243; auto_slider=&#8221;false&#8221; navigation=&#8221;false&#8221; loop=&#8221;false&#8221;][\/vc_column_text][\/vc_column][\/vc_row][vc_row section_id=&#8221;que-es-aje&#8221; css=&#8221;.vc_custom_1450212229026{margin-top: 0px !important;margin-bottom: 0px !important;border-top-width: 0px !important;border-bottom-width:\" \/>\n<meta property=\"og:url\" content=\"https:\/\/ajeandalucia.org\/university-entrepreneurs-fest\/\" \/>\n<meta property=\"og:site_name\" content=\"University Entrepreneurs Fest\" \/>\n<meta property=\"article:modified_time\" content=\"2023-11-20T12:18:44+00:00\" \/>\n<meta name=\"twitter:card\" content=\"summary_large_image\" \/>\n<meta name=\"twitter:label1\" content=\"Tiempo de lectura\" \/>\n\t<meta name=\"twitter:data1\" content=\"5 minutos\" \/>\n<script type=\"application\/ld+json\" class=\"yoast-schema-graph\">{\"@context\":\"https:\/\/schema.org\",\"@graph\":[{\"@type\":\"WebPage\",\"@id\":\"https:\/\/ajeandalucia.org\/university-entrepreneurs-fest\/\",\"url\":\"https:\/\/ajeandalucia.org\/university-entrepreneurs-fest\/\",\"name\":\"Inicio - University Entrepreneurs Fest\",\"isPartOf\":{\"@id\":\"https:\/\/ajeandalucia.org\/university-entrepreneurs-fest\/#website\"},\"datePublished\":\"2016-01-24T17:17:20+00:00\",\"dateModified\":\"2023-11-20T12:18:44+00:00\",\"breadcrumb\":{\"@id\":\"https:\/\/ajeandalucia.org\/university-entrepreneurs-fest\/#breadcrumb\"},\"inLanguage\":\"es\",\"potentialAction\":[{\"@type\":\"ReadAction\",\"target\":[\"https:\/\/ajeandalucia.org\/university-entrepreneurs-fest\/\"]}]},{\"@type\":\"BreadcrumbList\",\"@id\":\"https:\/\/ajeandalucia.org\/university-entrepreneurs-fest\/#breadcrumb\",\"itemListElement\":[{\"@type\":\"ListItem\",\"position\":1,\"name\":\"Portada\",\"item\":\"https:\/\/ajeandalucia.org\/university-entrepreneurs-fest\/\"},{\"@type\":\"ListItem\",\"position\":2,\"name\":\"Inicio\"}]},{\"@type\":\"WebSite\",\"@id\":\"https:\/\/ajeandalucia.org\/university-entrepreneurs-fest\/#website\",\"url\":\"https:\/\/ajeandalucia.org\/university-entrepreneurs-fest\/\",\"name\":\"University Entrepreneurs Fest\",\"description\":\"University Entrepreneurs Fest\",\"potentialAction\":[{\"@type\":\"SearchAction\",\"target\":{\"@type\":\"EntryPoint\",\"urlTemplate\":\"https:\/\/ajeandalucia.org\/university-entrepreneurs-fest\/?s={search_term_string}\"},\"query-input\":{\"@type\":\"PropertyValueSpecification\",\"valueRequired\":true,\"valueName\":\"search_term_string\"}}],\"inLanguage\":\"es\"}]}<\/script>\n<!-- \/ Yoast SEO plugin. -->","yoast_head_json":{"title":"Inicio - University Entrepreneurs Fest","robots":{"index":"index","follow":"follow","max-snippet":"max-snippet:-1","max-image-preview":"max-image-preview:large","max-video-preview":"max-video-preview:-1"},"canonical":"https:\/\/ajeandalucia.org\/university-entrepreneurs-fest\/","og_locale":"es_ES","og_type":"article","og_title":"Inicio - University Entrepreneurs Fest","og_description":"[vc_row section_id=&#8221;home&#8221; container=&#8221;0&#8243; fullwidth=&#8221;no&#8221; bg_image_custom=&#8221;121&#8243; el_id=&#8221;home&#8221; css=&#8221;.vc_custom_1599043203487{margin-top: 0px !important;margin-bottom: 0px !important;border-top-width: 0px !important;border-bottom-width: 0px !important;padding-top: 0px !important;padding-bottom: 0px !important;background-position: center !important;background-repeat: no-repeat !important;background-size: cover !important;}&#8221; parallax_bg=&#8221;1&#8243; stellar_background_ratio=&#8221;0.6&#8243;][vc_column css=&#8221;.vc_custom_1417507329606{padding-bottom: 0px !important;}&#8221;][vc_column_text][slideshow slug_group=&#8221;slideshow-1&#8243; auto_slider=&#8221;false&#8221; navigation=&#8221;false&#8221; loop=&#8221;false&#8221;][\/vc_column_text][\/vc_column][\/vc_row][vc_row section_id=&#8221;que-es-aje&#8221; css=&#8221;.vc_custom_1450212229026{margin-top: 0px !important;margin-bottom: 0px !important;border-top-width: 0px !important;border-bottom-width:","og_url":"https:\/\/ajeandalucia.org\/university-entrepreneurs-fest\/","og_site_name":"University Entrepreneurs Fest","article_modified_time":"2023-11-20T12:18:44+00:00","twitter_card":"summary_large_image","twitter_misc":{"Tiempo de lectura":"5 minutos"},"schema":{"@context":"https:\/\/schema.org","@graph":[{"@type":"WebPage","@id":"https:\/\/ajeandalucia.org\/university-entrepreneurs-fest\/","url":"https:\/\/ajeandalucia.org\/university-entrepreneurs-fest\/","name":"Inicio - University Entrepreneurs Fest","isPartOf":{"@id":"https:\/\/ajeandalucia.org\/university-entrepreneurs-fest\/#website"},"datePublished":"2016-01-24T17:17:20+00:00","dateModified":"2023-11-20T12:18:44+00:00","breadcrumb":{"@id":"https:\/\/ajeandalucia.org\/university-entrepreneurs-fest\/#breadcrumb"},"inLanguage":"es","potentialAction":[{"@type":"ReadAction","target":["https:\/\/ajeandalucia.org\/university-entrepreneurs-fest\/"]}]},{"@type":"BreadcrumbList","@id":"https:\/\/ajeandalucia.org\/university-entrepreneurs-fest\/#breadcrumb","itemListElement":[{"@type":"ListItem","position":1,"name":"Portada","item":"https:\/\/ajeandalucia.org\/university-entrepreneurs-fest\/"},{"@type":"ListItem","position":2,"name":"Inicio"}]},{"@type":"WebSite","@id":"https:\/\/ajeandalucia.org\/university-entrepreneurs-fest\/#website","url":"https:\/\/ajeandalucia.org\/university-entrepreneurs-fest\/","name":"University Entrepreneurs Fest","description":"University Entrepreneurs Fest","potentialAction":[{"@type":"SearchAction","target":{"@type":"EntryPoint","urlTemplate":"https:\/\/ajeandalucia.org\/university-entrepreneurs-fest\/?s={search_term_string}"},"query-input":{"@type":"PropertyValueSpecification","valueRequired":true,"valueName":"search_term_string"}}],"inLanguage":"es"}]}},"_links":{"self":[{"href":"https:\/\/ajeandalucia.org\/university-entrepreneurs-fest\/wp-json\/wp\/v2\/pages\/15","targetHints":{"allow":["GET"]}}],"collection":[{"href":"https:\/\/ajeandalucia.org\/university-entrepreneurs-fest\/wp-json\/wp\/v2\/pages"}],"about":[{"href":"https:\/\/ajeandalucia.org\/university-entrepreneurs-fest\/wp-json\/wp\/v2\/types\/page"}],"author":[{"embeddable":true,"href":"https:\/\/ajeandalucia.org\/university-entrepreneurs-fest\/wp-json\/wp\/v2\/users\/11"}],"replies":[{"embeddable":true,"href":"https:\/\/ajeandalucia.org\/university-entrepreneurs-fest\/wp-json\/wp\/v2\/comments?post=15"}],"version-history":[{"count":383,"href":"https:\/\/ajeandalucia.org\/university-entrepreneurs-fest\/wp-json\/wp\/v2\/pages\/15\/revisions"}],"predecessor-version":[{"id":1648,"href":"https:\/\/ajeandalucia.org\/university-entrepreneurs-fest\/wp-json\/wp\/v2\/pages\/15\/revisions\/1648"}],"wp:attachment":[{"href":"https:\/\/ajeandalucia.org\/university-entrepreneurs-fest\/wp-json\/wp\/v2\/media?parent=15"}],"curies":[{"name":"wp","href":"https:\/\/api.w.org\/{rel}","templated":true}]}}