{"id":1556,"date":"2023-11-08T17:33:04","date_gmt":"2023-11-08T17:33:04","guid":{"rendered":"https:\/\/www.ajeandalucia.org\/university-entrepreneurs-fest\/?page_id=1556"},"modified":"2023-11-16T11:10:09","modified_gmt":"2023-11-16T11:10:09","slug":"tm-digital","status":"publish","type":"page","link":"https:\/\/ajeandalucia.org\/university-entrepreneurs-fest\/tm-digital\/","title":{"rendered":"Granada: TM-Digital"},"content":{"rendered":"<p>[vc_row][vc_column css=&#8221;.vc_custom_1699465761736{padding-top: 150px !important;}&#8221;][vc_column_text]<strong>TM DIGITAL<\/strong><\/p>\n<p>En TM DIGITAL conectamos Granada con el mundo.<\/p>\n<p>Somos granadinos como t\u00fa, entendemos a nuestros paisanos y sus necesidades.<\/p>\n<p>Te daremos servicio, pero no te molestaremos\u00a0llam\u00e1ndote con ofertas, descuentos o promociones. Queremos darte el mejor servicio personalizado por eso queremos que nos cuentes tus necesidades y nosotros te daremos la mejor soluci\u00f3n.<\/p>\n<p>Si alg\u00fan d\u00eda decides irte, lo har\u00e1s con tranquilidad (un correo solicitando baja).\u00a0No perder\u00e1s ni un minuto en leerte una cl\u00e1usula de permanencia, porque no existen. Ni siquiera una cl\u00e1usula \u00abvoluntaria\u00bb. Tampoco intentaremos retenerte ofreci\u00e9ndote un descuento a espaldas de los dem\u00e1s clientes.\u00a0Queremos que est\u00e9s con nosotros porque est\u00e1s contento\u00a0y que dediques tu tiempo a lo que t\u00fa decidas que merece la pena, que seguro que no es a pelearte con tu compa\u00f1\u00eda de telefon\u00eda, el cliente que se queda en TM DIGITAL es parte de una familia a la que tratamos personalmente y nada de normas estrictas, somos personas.<\/p>\n<p>Conoce\u00a0m\u00e1s de TM Digital:\u00a0<a href=\"https:\/\/tmdigital.es\/\">https:\/\/tmdigital.es\/<\/a>[\/vc_column_text][\/vc_column][\/vc_row][vc_row][vc_column][vc_column_text][CP_APP_HOUR_BOOKING id=&#8221;1&#8243;][\/vc_column_text][\/vc_column][\/vc_row]<\/p>\n","protected":false},"excerpt":{"rendered":"<p>[vc_row][vc_column css=&#8221;.vc_custom_1699465761736{padding-top: 150px !important;}&#8221;][vc_column_text]TM DIGITAL En TM DIGITAL conectamos Granada con el mundo. Somos granadinos como t\u00fa, entendemos a nuestros paisanos y sus necesidades. Te daremos servicio, pero no te molestaremos\u00a0llam\u00e1ndote con ofertas, descuentos o promociones. Queremos darte el mejor servicio personalizado<\/p>\n","protected":false},"author":11,"featured_media":0,"parent":0,"menu_order":0,"comment_status":"closed","ping_status":"closed","template":"home_template.php","meta":{"_acf_changed":false,"footnotes":""},"class_list":["post-1556","page","type-page","status-publish","hentry"],"acf":[],"yoast_head":"<!-- This site is optimized with the Yoast SEO plugin v26.9 - https:\/\/yoast.com\/product\/yoast-seo-wordpress\/ -->\n<title>Granada: TM-Digital - University Entrepreneurs Fest<\/title>\n<meta name=\"robots\" content=\"index, follow, max-snippet:-1, max-image-preview:large, max-video-preview:-1\" \/>\n<link rel=\"canonical\" href=\"https:\/\/ajeandalucia.org\/university-entrepreneurs-fest\/tm-digital\/\" \/>\n<meta property=\"og:locale\" content=\"es_ES\" \/>\n<meta property=\"og:type\" content=\"article\" \/>\n<meta property=\"og:title\" content=\"Granada: TM-Digital - University Entrepreneurs Fest\" \/>\n<meta property=\"og:description\" content=\"[vc_row][vc_column css=&#8221;.vc_custom_1699465761736{padding-top: 150px !important;}&#8221;][vc_column_text]TM DIGITAL En TM DIGITAL conectamos Granada con el mundo. Somos granadinos como t\u00fa, entendemos a nuestros paisanos y sus necesidades. Te daremos servicio, pero no te molestaremos\u00a0llam\u00e1ndote con ofertas, descuentos o promociones. Queremos darte el mejor servicio personalizado\" \/>\n<meta property=\"og:url\" content=\"https:\/\/ajeandalucia.org\/university-entrepreneurs-fest\/tm-digital\/\" \/>\n<meta property=\"og:site_name\" content=\"University Entrepreneurs Fest\" \/>\n<meta property=\"article:modified_time\" content=\"2023-11-16T11:10:09+00:00\" \/>\n<meta name=\"twitter:card\" content=\"summary_large_image\" \/>\n<meta name=\"twitter:label1\" content=\"Tiempo de lectura\" \/>\n\t<meta name=\"twitter:data1\" content=\"1 minuto\" \/>\n<script type=\"application\/ld+json\" class=\"yoast-schema-graph\">{\"@context\":\"https:\/\/schema.org\",\"@graph\":[{\"@type\":\"WebPage\",\"@id\":\"https:\/\/ajeandalucia.org\/university-entrepreneurs-fest\/tm-digital\/\",\"url\":\"https:\/\/ajeandalucia.org\/university-entrepreneurs-fest\/tm-digital\/\",\"name\":\"Granada: TM-Digital - University Entrepreneurs Fest\",\"isPartOf\":{\"@id\":\"https:\/\/ajeandalucia.org\/university-entrepreneurs-fest\/#website\"},\"datePublished\":\"2023-11-08T17:33:04+00:00\",\"dateModified\":\"2023-11-16T11:10:09+00:00\",\"breadcrumb\":{\"@id\":\"https:\/\/ajeandalucia.org\/university-entrepreneurs-fest\/tm-digital\/#breadcrumb\"},\"inLanguage\":\"es\",\"potentialAction\":[{\"@type\":\"ReadAction\",\"target\":[\"https:\/\/ajeandalucia.org\/university-entrepreneurs-fest\/tm-digital\/\"]}]},{\"@type\":\"BreadcrumbList\",\"@id\":\"https:\/\/ajeandalucia.org\/university-entrepreneurs-fest\/tm-digital\/#breadcrumb\",\"itemListElement\":[{\"@type\":\"ListItem\",\"position\":1,\"name\":\"Portada\",\"item\":\"https:\/\/ajeandalucia.org\/university-entrepreneurs-fest\/\"},{\"@type\":\"ListItem\",\"position\":2,\"name\":\"Granada: TM-Digital\"}]},{\"@type\":\"WebSite\",\"@id\":\"https:\/\/ajeandalucia.org\/university-entrepreneurs-fest\/#website\",\"url\":\"https:\/\/ajeandalucia.org\/university-entrepreneurs-fest\/\",\"name\":\"University Entrepreneurs Fest\",\"description\":\"University Entrepreneurs Fest\",\"potentialAction\":[{\"@type\":\"SearchAction\",\"target\":{\"@type\":\"EntryPoint\",\"urlTemplate\":\"https:\/\/ajeandalucia.org\/university-entrepreneurs-fest\/?s={search_term_string}\"},\"query-input\":{\"@type\":\"PropertyValueSpecification\",\"valueRequired\":true,\"valueName\":\"search_term_string\"}}],\"inLanguage\":\"es\"}]}<\/script>\n<!-- \/ Yoast SEO plugin. -->","yoast_head_json":{"title":"Granada: TM-Digital - University Entrepreneurs Fest","robots":{"index":"index","follow":"follow","max-snippet":"max-snippet:-1","max-image-preview":"max-image-preview:large","max-video-preview":"max-video-preview:-1"},"canonical":"https:\/\/ajeandalucia.org\/university-entrepreneurs-fest\/tm-digital\/","og_locale":"es_ES","og_type":"article","og_title":"Granada: TM-Digital - University Entrepreneurs Fest","og_description":"[vc_row][vc_column css=&#8221;.vc_custom_1699465761736{padding-top: 150px !important;}&#8221;][vc_column_text]TM DIGITAL En TM DIGITAL conectamos Granada con el mundo. Somos granadinos como t\u00fa, entendemos a nuestros paisanos y sus necesidades. Te daremos servicio, pero no te molestaremos\u00a0llam\u00e1ndote con ofertas, descuentos o promociones. Queremos darte el mejor servicio personalizado","og_url":"https:\/\/ajeandalucia.org\/university-entrepreneurs-fest\/tm-digital\/","og_site_name":"University Entrepreneurs Fest","article_modified_time":"2023-11-16T11:10:09+00:00","twitter_card":"summary_large_image","twitter_misc":{"Tiempo de lectura":"1 minuto"},"schema":{"@context":"https:\/\/schema.org","@graph":[{"@type":"WebPage","@id":"https:\/\/ajeandalucia.org\/university-entrepreneurs-fest\/tm-digital\/","url":"https:\/\/ajeandalucia.org\/university-entrepreneurs-fest\/tm-digital\/","name":"Granada: TM-Digital - University Entrepreneurs Fest","isPartOf":{"@id":"https:\/\/ajeandalucia.org\/university-entrepreneurs-fest\/#website"},"datePublished":"2023-11-08T17:33:04+00:00","dateModified":"2023-11-16T11:10:09+00:00","breadcrumb":{"@id":"https:\/\/ajeandalucia.org\/university-entrepreneurs-fest\/tm-digital\/#breadcrumb"},"inLanguage":"es","potentialAction":[{"@type":"ReadAction","target":["https:\/\/ajeandalucia.org\/university-entrepreneurs-fest\/tm-digital\/"]}]},{"@type":"BreadcrumbList","@id":"https:\/\/ajeandalucia.org\/university-entrepreneurs-fest\/tm-digital\/#breadcrumb","itemListElement":[{"@type":"ListItem","position":1,"name":"Portada","item":"https:\/\/ajeandalucia.org\/university-entrepreneurs-fest\/"},{"@type":"ListItem","position":2,"name":"Granada: TM-Digital"}]},{"@type":"WebSite","@id":"https:\/\/ajeandalucia.org\/university-entrepreneurs-fest\/#website","url":"https:\/\/ajeandalucia.org\/university-entrepreneurs-fest\/","name":"University Entrepreneurs Fest","description":"University Entrepreneurs Fest","potentialAction":[{"@type":"SearchAction","target":{"@type":"EntryPoint","urlTemplate":"https:\/\/ajeandalucia.org\/university-entrepreneurs-fest\/?s={search_term_string}"},"query-input":{"@type":"PropertyValueSpecification","valueRequired":true,"valueName":"search_term_string"}}],"inLanguage":"es"}]}},"_links":{"self":[{"href":"https:\/\/ajeandalucia.org\/university-entrepreneurs-fest\/wp-json\/wp\/v2\/pages\/1556","targetHints":{"allow":["GET"]}}],"collection":[{"href":"https:\/\/ajeandalucia.org\/university-entrepreneurs-fest\/wp-json\/wp\/v2\/pages"}],"about":[{"href":"https:\/\/ajeandalucia.org\/university-entrepreneurs-fest\/wp-json\/wp\/v2\/types\/page"}],"author":[{"embeddable":true,"href":"https:\/\/ajeandalucia.org\/university-entrepreneurs-fest\/wp-json\/wp\/v2\/users\/11"}],"replies":[{"embeddable":true,"href":"https:\/\/ajeandalucia.org\/university-entrepreneurs-fest\/wp-json\/wp\/v2\/comments?post=1556"}],"version-history":[{"count":6,"href":"https:\/\/ajeandalucia.org\/university-entrepreneurs-fest\/wp-json\/wp\/v2\/pages\/1556\/revisions"}],"predecessor-version":[{"id":1639,"href":"https:\/\/ajeandalucia.org\/university-entrepreneurs-fest\/wp-json\/wp\/v2\/pages\/1556\/revisions\/1639"}],"wp:attachment":[{"href":"https:\/\/ajeandalucia.org\/university-entrepreneurs-fest\/wp-json\/wp\/v2\/media?parent=1556"}],"curies":[{"name":"wp","href":"https:\/\/api.w.org\/{rel}","templated":true}]}}