{"id":1563,"date":"2023-11-08T18:34:17","date_gmt":"2023-11-08T18:34:17","guid":{"rendered":"https:\/\/www.ajeandalucia.org\/university-entrepreneurs-fest\/?page_id=1563"},"modified":"2023-11-16T11:06:33","modified_gmt":"2023-11-16T11:06:33","slug":"amat","status":"publish","type":"page","link":"https:\/\/ajeandalucia.org\/university-entrepreneurs-fest\/amat\/","title":{"rendered":"Granada: Amat Arquitectos"},"content":{"rendered":"<p>[vc_row][vc_column css=&#8221;.vc_custom_1699468383876{padding-top: 150px !important;}&#8221;][vc_column_text]<strong>AMAT ARQUITECTOS<\/strong><\/p>\n<p>AMAT Arquitectos\u00a0es un estudio de arquitectura en Granada formado por arquitectos, dise\u00f1adores, t\u00e9cnicos y especialistas en rehabilitaci\u00f3n. Con intervenciones en diversos \u00e1mbitos, este equipo se centra sobre todo en proyectos de\u00a0rehabilitaci\u00f3n, contract y residencial.<\/p>\n<p>Conoce m\u00e1s de Amat Arquitectos:\u00a0<a href=\"https:\/\/amat-arquitectos.com\/\">https:\/\/amat-arquitectos.com\/<\/a>[\/vc_column_text][\/vc_column][\/vc_row][vc_row][vc_column][vc_column_text][CP_APP_HOUR_BOOKING id=&#8221;4&#8243;][\/vc_column_text][\/vc_column][\/vc_row]<\/p>\n","protected":false},"excerpt":{"rendered":"<p>[vc_row][vc_column css=&#8221;.vc_custom_1699468383876{padding-top: 150px !important;}&#8221;][vc_column_text]AMAT ARQUITECTOS AMAT Arquitectos\u00a0es un estudio de arquitectura en Granada formado por arquitectos, dise\u00f1adores, t\u00e9cnicos y especialistas en rehabilitaci\u00f3n. Con intervenciones en diversos \u00e1mbitos, este equipo se centra sobre todo en proyectos de\u00a0rehabilitaci\u00f3n, contract y residencial. Conoce m\u00e1s de<\/p>\n","protected":false},"author":11,"featured_media":0,"parent":0,"menu_order":0,"comment_status":"closed","ping_status":"closed","template":"home_template.php","meta":{"_acf_changed":false,"footnotes":""},"class_list":["post-1563","page","type-page","status-publish","hentry"],"acf":[],"yoast_head":"<!-- This site is optimized with the Yoast SEO plugin v26.9 - https:\/\/yoast.com\/product\/yoast-seo-wordpress\/ -->\n<title>Granada: Amat Arquitectos - University Entrepreneurs Fest<\/title>\n<meta name=\"robots\" content=\"index, follow, max-snippet:-1, max-image-preview:large, max-video-preview:-1\" \/>\n<link rel=\"canonical\" href=\"http:\/\/ajeandalucia.org\/university-entrepreneurs-fest\/amat\/\" \/>\n<meta property=\"og:locale\" content=\"es_ES\" \/>\n<meta property=\"og:type\" content=\"article\" \/>\n<meta property=\"og:title\" content=\"Granada: Amat Arquitectos - University Entrepreneurs Fest\" \/>\n<meta property=\"og:description\" content=\"[vc_row][vc_column css=&#8221;.vc_custom_1699468383876{padding-top: 150px !important;}&#8221;][vc_column_text]AMAT ARQUITECTOS AMAT Arquitectos\u00a0es un estudio de arquitectura en Granada formado por arquitectos, dise\u00f1adores, t\u00e9cnicos y especialistas en rehabilitaci\u00f3n. Con intervenciones en diversos \u00e1mbitos, este equipo se centra sobre todo en proyectos de\u00a0rehabilitaci\u00f3n, contract y residencial. Conoce m\u00e1s de\" \/>\n<meta property=\"og:url\" content=\"http:\/\/ajeandalucia.org\/university-entrepreneurs-fest\/amat\/\" \/>\n<meta property=\"og:site_name\" content=\"University Entrepreneurs Fest\" \/>\n<meta property=\"article:modified_time\" content=\"2023-11-16T11:06:33+00:00\" \/>\n<meta name=\"twitter:card\" content=\"summary_large_image\" \/>\n<script type=\"application\/ld+json\" class=\"yoast-schema-graph\">{\"@context\":\"https:\/\/schema.org\",\"@graph\":[{\"@type\":\"WebPage\",\"@id\":\"http:\/\/ajeandalucia.org\/university-entrepreneurs-fest\/amat\/\",\"url\":\"http:\/\/ajeandalucia.org\/university-entrepreneurs-fest\/amat\/\",\"name\":\"Granada: Amat Arquitectos - University Entrepreneurs Fest\",\"isPartOf\":{\"@id\":\"https:\/\/ajeandalucia.org\/university-entrepreneurs-fest\/#website\"},\"datePublished\":\"2023-11-08T18:34:17+00:00\",\"dateModified\":\"2023-11-16T11:06:33+00:00\",\"breadcrumb\":{\"@id\":\"http:\/\/ajeandalucia.org\/university-entrepreneurs-fest\/amat\/#breadcrumb\"},\"inLanguage\":\"es\",\"potentialAction\":[{\"@type\":\"ReadAction\",\"target\":[\"http:\/\/ajeandalucia.org\/university-entrepreneurs-fest\/amat\/\"]}]},{\"@type\":\"BreadcrumbList\",\"@id\":\"http:\/\/ajeandalucia.org\/university-entrepreneurs-fest\/amat\/#breadcrumb\",\"itemListElement\":[{\"@type\":\"ListItem\",\"position\":1,\"name\":\"Portada\",\"item\":\"https:\/\/ajeandalucia.org\/university-entrepreneurs-fest\/\"},{\"@type\":\"ListItem\",\"position\":2,\"name\":\"Granada: Amat Arquitectos\"}]},{\"@type\":\"WebSite\",\"@id\":\"https:\/\/ajeandalucia.org\/university-entrepreneurs-fest\/#website\",\"url\":\"https:\/\/ajeandalucia.org\/university-entrepreneurs-fest\/\",\"name\":\"University Entrepreneurs Fest\",\"description\":\"University Entrepreneurs Fest\",\"potentialAction\":[{\"@type\":\"SearchAction\",\"target\":{\"@type\":\"EntryPoint\",\"urlTemplate\":\"https:\/\/ajeandalucia.org\/university-entrepreneurs-fest\/?s={search_term_string}\"},\"query-input\":{\"@type\":\"PropertyValueSpecification\",\"valueRequired\":true,\"valueName\":\"search_term_string\"}}],\"inLanguage\":\"es\"}]}<\/script>\n<!-- \/ Yoast SEO plugin. -->","yoast_head_json":{"title":"Granada: Amat Arquitectos - University Entrepreneurs Fest","robots":{"index":"index","follow":"follow","max-snippet":"max-snippet:-1","max-image-preview":"max-image-preview:large","max-video-preview":"max-video-preview:-1"},"canonical":"http:\/\/ajeandalucia.org\/university-entrepreneurs-fest\/amat\/","og_locale":"es_ES","og_type":"article","og_title":"Granada: Amat Arquitectos - University Entrepreneurs Fest","og_description":"[vc_row][vc_column css=&#8221;.vc_custom_1699468383876{padding-top: 150px !important;}&#8221;][vc_column_text]AMAT ARQUITECTOS AMAT Arquitectos\u00a0es un estudio de arquitectura en Granada formado por arquitectos, dise\u00f1adores, t\u00e9cnicos y especialistas en rehabilitaci\u00f3n. Con intervenciones en diversos \u00e1mbitos, este equipo se centra sobre todo en proyectos de\u00a0rehabilitaci\u00f3n, contract y residencial. Conoce m\u00e1s de","og_url":"http:\/\/ajeandalucia.org\/university-entrepreneurs-fest\/amat\/","og_site_name":"University Entrepreneurs Fest","article_modified_time":"2023-11-16T11:06:33+00:00","twitter_card":"summary_large_image","schema":{"@context":"https:\/\/schema.org","@graph":[{"@type":"WebPage","@id":"http:\/\/ajeandalucia.org\/university-entrepreneurs-fest\/amat\/","url":"http:\/\/ajeandalucia.org\/university-entrepreneurs-fest\/amat\/","name":"Granada: Amat Arquitectos - University Entrepreneurs Fest","isPartOf":{"@id":"https:\/\/ajeandalucia.org\/university-entrepreneurs-fest\/#website"},"datePublished":"2023-11-08T18:34:17+00:00","dateModified":"2023-11-16T11:06:33+00:00","breadcrumb":{"@id":"http:\/\/ajeandalucia.org\/university-entrepreneurs-fest\/amat\/#breadcrumb"},"inLanguage":"es","potentialAction":[{"@type":"ReadAction","target":["http:\/\/ajeandalucia.org\/university-entrepreneurs-fest\/amat\/"]}]},{"@type":"BreadcrumbList","@id":"http:\/\/ajeandalucia.org\/university-entrepreneurs-fest\/amat\/#breadcrumb","itemListElement":[{"@type":"ListItem","position":1,"name":"Portada","item":"https:\/\/ajeandalucia.org\/university-entrepreneurs-fest\/"},{"@type":"ListItem","position":2,"name":"Granada: Amat Arquitectos"}]},{"@type":"WebSite","@id":"https:\/\/ajeandalucia.org\/university-entrepreneurs-fest\/#website","url":"https:\/\/ajeandalucia.org\/university-entrepreneurs-fest\/","name":"University Entrepreneurs Fest","description":"University Entrepreneurs Fest","potentialAction":[{"@type":"SearchAction","target":{"@type":"EntryPoint","urlTemplate":"https:\/\/ajeandalucia.org\/university-entrepreneurs-fest\/?s={search_term_string}"},"query-input":{"@type":"PropertyValueSpecification","valueRequired":true,"valueName":"search_term_string"}}],"inLanguage":"es"}]}},"_links":{"self":[{"href":"https:\/\/ajeandalucia.org\/university-entrepreneurs-fest\/wp-json\/wp\/v2\/pages\/1563","targetHints":{"allow":["GET"]}}],"collection":[{"href":"https:\/\/ajeandalucia.org\/university-entrepreneurs-fest\/wp-json\/wp\/v2\/pages"}],"about":[{"href":"https:\/\/ajeandalucia.org\/university-entrepreneurs-fest\/wp-json\/wp\/v2\/types\/page"}],"author":[{"embeddable":true,"href":"https:\/\/ajeandalucia.org\/university-entrepreneurs-fest\/wp-json\/wp\/v2\/users\/11"}],"replies":[{"embeddable":true,"href":"https:\/\/ajeandalucia.org\/university-entrepreneurs-fest\/wp-json\/wp\/v2\/comments?post=1563"}],"version-history":[{"count":3,"href":"https:\/\/ajeandalucia.org\/university-entrepreneurs-fest\/wp-json\/wp\/v2\/pages\/1563\/revisions"}],"predecessor-version":[{"id":1636,"href":"https:\/\/ajeandalucia.org\/university-entrepreneurs-fest\/wp-json\/wp\/v2\/pages\/1563\/revisions\/1636"}],"wp:attachment":[{"href":"https:\/\/ajeandalucia.org\/university-entrepreneurs-fest\/wp-json\/wp\/v2\/media?parent=1563"}],"curies":[{"name":"wp","href":"https:\/\/api.w.org\/{rel}","templated":true}]}}