{"id":1594,"date":"2023-11-14T12:53:56","date_gmt":"2023-11-14T12:53:56","guid":{"rendered":"https:\/\/www.ajeandalucia.org\/university-entrepreneurs-fest\/?page_id=1594"},"modified":"2023-11-16T11:12:53","modified_gmt":"2023-11-16T11:12:53","slug":"jessica-hidalgo","status":"publish","type":"page","link":"https:\/\/ajeandalucia.org\/university-entrepreneurs-fest\/jessica-hidalgo\/","title":{"rendered":"Sevilla: Jessica Hidalgo"},"content":{"rendered":"<p>[vc_row][vc_column css=&#8221;.vc_custom_1699966518010{padding-top: 150px !important;}&#8221;][vc_column_text]<\/p>\n<div class=\"elementor-element elementor-element-2d40556 elementor-widget__width-initial elementor-widget elementor-widget-text-editor\" data-id=\"2d40556\" data-element_type=\"widget\" data-widget_type=\"text-editor.default\">\n<div class=\"elementor-widget-container\">\n<p><strong>JESSICA HIDALGO:<\/strong><\/p>\n<p>Social Media Manager, Cordobesa enamorada de Sevilla y del mundo del marketing. Lleva m\u00e1s de 3 a\u00f1os trabajando con empresas para hacer crecer sus negocios, mejorar su visibilidad y aumentar sus ventas.<\/p>\n<p>Es experta en estrategia en redes sociales, gracias a un alma de economista que he desviado hacia el mundo del marketing.<\/p>\n<\/div>\n<\/div>\n<div class=\"elementor-element elementor-element-3e5909c elementor-widget elementor-widget-text-editor\" data-id=\"3e5909c\" data-element_type=\"widget\" data-widget_type=\"text-editor.default\">\n<div class=\"elementor-widget-container\">\n<p>Cuenta con un profundo conocimiento de las diferentes redes sociales, su funcionamiento y las mejores pr\u00e1cticas para lograr resultados exitosos.<\/p>\n<p>Gracias a su experiencia y conocimientos puedo maximizar el impacto de una organizaci\u00f3n en el mundo digital y alcanzar los objetivos comerciales a trav\u00e9s de una gesti\u00f3n eficiente y efectiva de las redes sociales.<\/p>\n<p>Conoce\u00a0m\u00e1s de Jessica Hidalgo:\u00a0<a href=\"https:\/\/jessicahidalgo.com\/\">https:\/\/jessicahidalgo.com\/<\/a><\/p>\n<\/div>\n<\/div>\n<p>[\/vc_column_text][\/vc_column][\/vc_row][vc_row][vc_column][vc_column_text][CP_APP_HOUR_BOOKING id=&#8221;7&#8243;][\/vc_column_text][\/vc_column][\/vc_row]<\/p>\n","protected":false},"excerpt":{"rendered":"<p>[vc_row][vc_column css=&#8221;.vc_custom_1699966518010{padding-top: 150px !important;}&#8221;][vc_column_text] JESSICA HIDALGO: Social Media Manager, Cordobesa enamorada de Sevilla y del mundo del marketing. Lleva m\u00e1s de 3 a\u00f1os trabajando con empresas para hacer crecer sus negocios, mejorar su visibilidad y aumentar sus ventas. Es experta en estrategia<\/p>\n","protected":false},"author":11,"featured_media":0,"parent":0,"menu_order":0,"comment_status":"closed","ping_status":"closed","template":"home_template.php","meta":{"_acf_changed":false,"footnotes":""},"class_list":["post-1594","page","type-page","status-publish","hentry"],"acf":[],"yoast_head":"<!-- This site is optimized with the Yoast SEO plugin v26.9 - https:\/\/yoast.com\/product\/yoast-seo-wordpress\/ -->\n<title>Sevilla: Jessica Hidalgo - University Entrepreneurs Fest<\/title>\n<meta name=\"robots\" content=\"index, follow, max-snippet:-1, max-image-preview:large, max-video-preview:-1\" \/>\n<link rel=\"canonical\" href=\"https:\/\/ajeandalucia.org\/university-entrepreneurs-fest\/jessica-hidalgo\/\" \/>\n<meta property=\"og:locale\" content=\"es_ES\" \/>\n<meta property=\"og:type\" content=\"article\" \/>\n<meta property=\"og:title\" content=\"Sevilla: Jessica Hidalgo - University Entrepreneurs Fest\" \/>\n<meta property=\"og:description\" content=\"[vc_row][vc_column css=&#8221;.vc_custom_1699966518010{padding-top: 150px !important;}&#8221;][vc_column_text] JESSICA HIDALGO: Social Media Manager, Cordobesa enamorada de Sevilla y del mundo del marketing. Lleva m\u00e1s de 3 a\u00f1os trabajando con empresas para hacer crecer sus negocios, mejorar su visibilidad y aumentar sus ventas. Es experta en estrategia\" \/>\n<meta property=\"og:url\" content=\"https:\/\/ajeandalucia.org\/university-entrepreneurs-fest\/jessica-hidalgo\/\" \/>\n<meta property=\"og:site_name\" content=\"University Entrepreneurs Fest\" \/>\n<meta property=\"article:modified_time\" content=\"2023-11-16T11:12:53+00:00\" \/>\n<meta name=\"twitter:card\" content=\"summary_large_image\" \/>\n<meta name=\"twitter:label1\" content=\"Tiempo de lectura\" \/>\n\t<meta name=\"twitter:data1\" content=\"1 minuto\" \/>\n<script type=\"application\/ld+json\" class=\"yoast-schema-graph\">{\"@context\":\"https:\/\/schema.org\",\"@graph\":[{\"@type\":\"WebPage\",\"@id\":\"https:\/\/ajeandalucia.org\/university-entrepreneurs-fest\/jessica-hidalgo\/\",\"url\":\"https:\/\/ajeandalucia.org\/university-entrepreneurs-fest\/jessica-hidalgo\/\",\"name\":\"Sevilla: Jessica Hidalgo - University Entrepreneurs Fest\",\"isPartOf\":{\"@id\":\"https:\/\/ajeandalucia.org\/university-entrepreneurs-fest\/#website\"},\"datePublished\":\"2023-11-14T12:53:56+00:00\",\"dateModified\":\"2023-11-16T11:12:53+00:00\",\"breadcrumb\":{\"@id\":\"https:\/\/ajeandalucia.org\/university-entrepreneurs-fest\/jessica-hidalgo\/#breadcrumb\"},\"inLanguage\":\"es\",\"potentialAction\":[{\"@type\":\"ReadAction\",\"target\":[\"https:\/\/ajeandalucia.org\/university-entrepreneurs-fest\/jessica-hidalgo\/\"]}]},{\"@type\":\"BreadcrumbList\",\"@id\":\"https:\/\/ajeandalucia.org\/university-entrepreneurs-fest\/jessica-hidalgo\/#breadcrumb\",\"itemListElement\":[{\"@type\":\"ListItem\",\"position\":1,\"name\":\"Portada\",\"item\":\"https:\/\/ajeandalucia.org\/university-entrepreneurs-fest\/\"},{\"@type\":\"ListItem\",\"position\":2,\"name\":\"Sevilla: Jessica Hidalgo\"}]},{\"@type\":\"WebSite\",\"@id\":\"https:\/\/ajeandalucia.org\/university-entrepreneurs-fest\/#website\",\"url\":\"https:\/\/ajeandalucia.org\/university-entrepreneurs-fest\/\",\"name\":\"University Entrepreneurs Fest\",\"description\":\"University Entrepreneurs Fest\",\"potentialAction\":[{\"@type\":\"SearchAction\",\"target\":{\"@type\":\"EntryPoint\",\"urlTemplate\":\"https:\/\/ajeandalucia.org\/university-entrepreneurs-fest\/?s={search_term_string}\"},\"query-input\":{\"@type\":\"PropertyValueSpecification\",\"valueRequired\":true,\"valueName\":\"search_term_string\"}}],\"inLanguage\":\"es\"}]}<\/script>\n<!-- \/ Yoast SEO plugin. -->","yoast_head_json":{"title":"Sevilla: Jessica Hidalgo - University Entrepreneurs Fest","robots":{"index":"index","follow":"follow","max-snippet":"max-snippet:-1","max-image-preview":"max-image-preview:large","max-video-preview":"max-video-preview:-1"},"canonical":"https:\/\/ajeandalucia.org\/university-entrepreneurs-fest\/jessica-hidalgo\/","og_locale":"es_ES","og_type":"article","og_title":"Sevilla: Jessica Hidalgo - University Entrepreneurs Fest","og_description":"[vc_row][vc_column css=&#8221;.vc_custom_1699966518010{padding-top: 150px !important;}&#8221;][vc_column_text] JESSICA HIDALGO: Social Media Manager, Cordobesa enamorada de Sevilla y del mundo del marketing. Lleva m\u00e1s de 3 a\u00f1os trabajando con empresas para hacer crecer sus negocios, mejorar su visibilidad y aumentar sus ventas. Es experta en estrategia","og_url":"https:\/\/ajeandalucia.org\/university-entrepreneurs-fest\/jessica-hidalgo\/","og_site_name":"University Entrepreneurs Fest","article_modified_time":"2023-11-16T11:12:53+00:00","twitter_card":"summary_large_image","twitter_misc":{"Tiempo de lectura":"1 minuto"},"schema":{"@context":"https:\/\/schema.org","@graph":[{"@type":"WebPage","@id":"https:\/\/ajeandalucia.org\/university-entrepreneurs-fest\/jessica-hidalgo\/","url":"https:\/\/ajeandalucia.org\/university-entrepreneurs-fest\/jessica-hidalgo\/","name":"Sevilla: Jessica Hidalgo - University Entrepreneurs Fest","isPartOf":{"@id":"https:\/\/ajeandalucia.org\/university-entrepreneurs-fest\/#website"},"datePublished":"2023-11-14T12:53:56+00:00","dateModified":"2023-11-16T11:12:53+00:00","breadcrumb":{"@id":"https:\/\/ajeandalucia.org\/university-entrepreneurs-fest\/jessica-hidalgo\/#breadcrumb"},"inLanguage":"es","potentialAction":[{"@type":"ReadAction","target":["https:\/\/ajeandalucia.org\/university-entrepreneurs-fest\/jessica-hidalgo\/"]}]},{"@type":"BreadcrumbList","@id":"https:\/\/ajeandalucia.org\/university-entrepreneurs-fest\/jessica-hidalgo\/#breadcrumb","itemListElement":[{"@type":"ListItem","position":1,"name":"Portada","item":"https:\/\/ajeandalucia.org\/university-entrepreneurs-fest\/"},{"@type":"ListItem","position":2,"name":"Sevilla: Jessica Hidalgo"}]},{"@type":"WebSite","@id":"https:\/\/ajeandalucia.org\/university-entrepreneurs-fest\/#website","url":"https:\/\/ajeandalucia.org\/university-entrepreneurs-fest\/","name":"University Entrepreneurs Fest","description":"University Entrepreneurs Fest","potentialAction":[{"@type":"SearchAction","target":{"@type":"EntryPoint","urlTemplate":"https:\/\/ajeandalucia.org\/university-entrepreneurs-fest\/?s={search_term_string}"},"query-input":{"@type":"PropertyValueSpecification","valueRequired":true,"valueName":"search_term_string"}}],"inLanguage":"es"}]}},"_links":{"self":[{"href":"https:\/\/ajeandalucia.org\/university-entrepreneurs-fest\/wp-json\/wp\/v2\/pages\/1594","targetHints":{"allow":["GET"]}}],"collection":[{"href":"https:\/\/ajeandalucia.org\/university-entrepreneurs-fest\/wp-json\/wp\/v2\/pages"}],"about":[{"href":"https:\/\/ajeandalucia.org\/university-entrepreneurs-fest\/wp-json\/wp\/v2\/types\/page"}],"author":[{"embeddable":true,"href":"https:\/\/ajeandalucia.org\/university-entrepreneurs-fest\/wp-json\/wp\/v2\/users\/11"}],"replies":[{"embeddable":true,"href":"https:\/\/ajeandalucia.org\/university-entrepreneurs-fest\/wp-json\/wp\/v2\/comments?post=1594"}],"version-history":[{"count":3,"href":"https:\/\/ajeandalucia.org\/university-entrepreneurs-fest\/wp-json\/wp\/v2\/pages\/1594\/revisions"}],"predecessor-version":[{"id":1641,"href":"https:\/\/ajeandalucia.org\/university-entrepreneurs-fest\/wp-json\/wp\/v2\/pages\/1594\/revisions\/1641"}],"wp:attachment":[{"href":"https:\/\/ajeandalucia.org\/university-entrepreneurs-fest\/wp-json\/wp\/v2\/media?parent=1594"}],"curies":[{"name":"wp","href":"https:\/\/api.w.org\/{rel}","templated":true}]}}