{"id":1598,"date":"2023-11-14T12:59:15","date_gmt":"2023-11-14T12:59:15","guid":{"rendered":"https:\/\/www.ajeandalucia.org\/university-entrepreneurs-fest\/?page_id=1598"},"modified":"2023-11-16T11:14:01","modified_gmt":"2023-11-16T11:14:01","slug":"pymes","status":"publish","type":"page","link":"https:\/\/ajeandalucia.org\/university-entrepreneurs-fest\/pymes\/","title":{"rendered":"Sevilla: Pymes Magazine"},"content":{"rendered":"<p>[vc_row][vc_column css=&#8221;.vc_custom_1699966735492{padding-top: 150px !important;}&#8221;][vc_column_text]<strong>PYMES MAGAZINE<\/strong><\/p>\n<p>Es un medio de comunicaci\u00f3n por y para las PYMES, aut\u00f3nomos y emprendedores de Sevilla y su provincia. Informaci\u00f3n, entretenimiento y utilidad, son las l\u00edneas que sigue esta revista digital y siempre con un lenguaje claro, sencillo y positivo.<\/p>\n<p>PYMES Magazine\u00a0cuenta con un equipo de trabajo formado por periodistas, fot\u00f3grafo dise\u00f1adores, expertos en marketing, redes sociales y comerciales con amplia experiencia en el sector empresarial de PYMES y aut\u00f3nomos.<\/p>\n<p>Conoce\u00a0m\u00e1s de Pymes Magazine:\u00a0<a href=\"https:\/\/pymesmagazine.es\/\">https:\/\/pymesmagazine.es\/<\/a>[\/vc_column_text][\/vc_column][\/vc_row][vc_row][vc_column][vc_column_text][CP_APP_HOUR_BOOKING id=&#8221;6&#8243;][\/vc_column_text][\/vc_column][\/vc_row]<\/p>\n","protected":false},"excerpt":{"rendered":"<p>[vc_row][vc_column css=&#8221;.vc_custom_1699966735492{padding-top: 150px !important;}&#8221;][vc_column_text]PYMES MAGAZINE Es un medio de comunicaci\u00f3n por y para las PYMES, aut\u00f3nomos y emprendedores de Sevilla y su provincia. Informaci\u00f3n, entretenimiento y utilidad, son las l\u00edneas que sigue esta revista digital y siempre con un lenguaje claro, sencillo<\/p>\n","protected":false},"author":11,"featured_media":0,"parent":0,"menu_order":0,"comment_status":"closed","ping_status":"closed","template":"home_template.php","meta":{"_acf_changed":false,"footnotes":""},"class_list":["post-1598","page","type-page","status-publish","hentry"],"acf":[],"yoast_head":"<!-- This site is optimized with the Yoast SEO plugin v26.9 - https:\/\/yoast.com\/product\/yoast-seo-wordpress\/ -->\n<title>Sevilla: Pymes Magazine - University Entrepreneurs Fest<\/title>\n<meta name=\"robots\" content=\"index, follow, max-snippet:-1, max-image-preview:large, max-video-preview:-1\" \/>\n<link rel=\"canonical\" href=\"https:\/\/ajeandalucia.org\/university-entrepreneurs-fest\/pymes\/\" \/>\n<meta property=\"og:locale\" content=\"es_ES\" \/>\n<meta property=\"og:type\" content=\"article\" \/>\n<meta property=\"og:title\" content=\"Sevilla: Pymes Magazine - University Entrepreneurs Fest\" \/>\n<meta property=\"og:description\" content=\"[vc_row][vc_column css=&#8221;.vc_custom_1699966735492{padding-top: 150px !important;}&#8221;][vc_column_text]PYMES MAGAZINE Es un medio de comunicaci\u00f3n por y para las PYMES, aut\u00f3nomos y emprendedores de Sevilla y su provincia. Informaci\u00f3n, entretenimiento y utilidad, son las l\u00edneas que sigue esta revista digital y siempre con un lenguaje claro, sencillo\" \/>\n<meta property=\"og:url\" content=\"https:\/\/ajeandalucia.org\/university-entrepreneurs-fest\/pymes\/\" \/>\n<meta property=\"og:site_name\" content=\"University Entrepreneurs Fest\" \/>\n<meta property=\"article:modified_time\" content=\"2023-11-16T11:14:01+00:00\" \/>\n<meta name=\"twitter:card\" content=\"summary_large_image\" \/>\n<meta name=\"twitter:label1\" content=\"Tiempo de lectura\" \/>\n\t<meta name=\"twitter:data1\" content=\"1 minuto\" \/>\n<script type=\"application\/ld+json\" class=\"yoast-schema-graph\">{\"@context\":\"https:\/\/schema.org\",\"@graph\":[{\"@type\":\"WebPage\",\"@id\":\"https:\/\/ajeandalucia.org\/university-entrepreneurs-fest\/pymes\/\",\"url\":\"https:\/\/ajeandalucia.org\/university-entrepreneurs-fest\/pymes\/\",\"name\":\"Sevilla: Pymes Magazine - University Entrepreneurs Fest\",\"isPartOf\":{\"@id\":\"https:\/\/ajeandalucia.org\/university-entrepreneurs-fest\/#website\"},\"datePublished\":\"2023-11-14T12:59:15+00:00\",\"dateModified\":\"2023-11-16T11:14:01+00:00\",\"breadcrumb\":{\"@id\":\"https:\/\/ajeandalucia.org\/university-entrepreneurs-fest\/pymes\/#breadcrumb\"},\"inLanguage\":\"es\",\"potentialAction\":[{\"@type\":\"ReadAction\",\"target\":[\"https:\/\/ajeandalucia.org\/university-entrepreneurs-fest\/pymes\/\"]}]},{\"@type\":\"BreadcrumbList\",\"@id\":\"https:\/\/ajeandalucia.org\/university-entrepreneurs-fest\/pymes\/#breadcrumb\",\"itemListElement\":[{\"@type\":\"ListItem\",\"position\":1,\"name\":\"Portada\",\"item\":\"https:\/\/ajeandalucia.org\/university-entrepreneurs-fest\/\"},{\"@type\":\"ListItem\",\"position\":2,\"name\":\"Sevilla: Pymes Magazine\"}]},{\"@type\":\"WebSite\",\"@id\":\"https:\/\/ajeandalucia.org\/university-entrepreneurs-fest\/#website\",\"url\":\"https:\/\/ajeandalucia.org\/university-entrepreneurs-fest\/\",\"name\":\"University Entrepreneurs Fest\",\"description\":\"University Entrepreneurs Fest\",\"potentialAction\":[{\"@type\":\"SearchAction\",\"target\":{\"@type\":\"EntryPoint\",\"urlTemplate\":\"https:\/\/ajeandalucia.org\/university-entrepreneurs-fest\/?s={search_term_string}\"},\"query-input\":{\"@type\":\"PropertyValueSpecification\",\"valueRequired\":true,\"valueName\":\"search_term_string\"}}],\"inLanguage\":\"es\"}]}<\/script>\n<!-- \/ Yoast SEO plugin. -->","yoast_head_json":{"title":"Sevilla: Pymes Magazine - University Entrepreneurs Fest","robots":{"index":"index","follow":"follow","max-snippet":"max-snippet:-1","max-image-preview":"max-image-preview:large","max-video-preview":"max-video-preview:-1"},"canonical":"https:\/\/ajeandalucia.org\/university-entrepreneurs-fest\/pymes\/","og_locale":"es_ES","og_type":"article","og_title":"Sevilla: Pymes Magazine - University Entrepreneurs Fest","og_description":"[vc_row][vc_column css=&#8221;.vc_custom_1699966735492{padding-top: 150px !important;}&#8221;][vc_column_text]PYMES MAGAZINE Es un medio de comunicaci\u00f3n por y para las PYMES, aut\u00f3nomos y emprendedores de Sevilla y su provincia. Informaci\u00f3n, entretenimiento y utilidad, son las l\u00edneas que sigue esta revista digital y siempre con un lenguaje claro, sencillo","og_url":"https:\/\/ajeandalucia.org\/university-entrepreneurs-fest\/pymes\/","og_site_name":"University Entrepreneurs Fest","article_modified_time":"2023-11-16T11:14:01+00:00","twitter_card":"summary_large_image","twitter_misc":{"Tiempo de lectura":"1 minuto"},"schema":{"@context":"https:\/\/schema.org","@graph":[{"@type":"WebPage","@id":"https:\/\/ajeandalucia.org\/university-entrepreneurs-fest\/pymes\/","url":"https:\/\/ajeandalucia.org\/university-entrepreneurs-fest\/pymes\/","name":"Sevilla: Pymes Magazine - University Entrepreneurs Fest","isPartOf":{"@id":"https:\/\/ajeandalucia.org\/university-entrepreneurs-fest\/#website"},"datePublished":"2023-11-14T12:59:15+00:00","dateModified":"2023-11-16T11:14:01+00:00","breadcrumb":{"@id":"https:\/\/ajeandalucia.org\/university-entrepreneurs-fest\/pymes\/#breadcrumb"},"inLanguage":"es","potentialAction":[{"@type":"ReadAction","target":["https:\/\/ajeandalucia.org\/university-entrepreneurs-fest\/pymes\/"]}]},{"@type":"BreadcrumbList","@id":"https:\/\/ajeandalucia.org\/university-entrepreneurs-fest\/pymes\/#breadcrumb","itemListElement":[{"@type":"ListItem","position":1,"name":"Portada","item":"https:\/\/ajeandalucia.org\/university-entrepreneurs-fest\/"},{"@type":"ListItem","position":2,"name":"Sevilla: Pymes Magazine"}]},{"@type":"WebSite","@id":"https:\/\/ajeandalucia.org\/university-entrepreneurs-fest\/#website","url":"https:\/\/ajeandalucia.org\/university-entrepreneurs-fest\/","name":"University Entrepreneurs Fest","description":"University Entrepreneurs Fest","potentialAction":[{"@type":"SearchAction","target":{"@type":"EntryPoint","urlTemplate":"https:\/\/ajeandalucia.org\/university-entrepreneurs-fest\/?s={search_term_string}"},"query-input":{"@type":"PropertyValueSpecification","valueRequired":true,"valueName":"search_term_string"}}],"inLanguage":"es"}]}},"_links":{"self":[{"href":"https:\/\/ajeandalucia.org\/university-entrepreneurs-fest\/wp-json\/wp\/v2\/pages\/1598","targetHints":{"allow":["GET"]}}],"collection":[{"href":"https:\/\/ajeandalucia.org\/university-entrepreneurs-fest\/wp-json\/wp\/v2\/pages"}],"about":[{"href":"https:\/\/ajeandalucia.org\/university-entrepreneurs-fest\/wp-json\/wp\/v2\/types\/page"}],"author":[{"embeddable":true,"href":"https:\/\/ajeandalucia.org\/university-entrepreneurs-fest\/wp-json\/wp\/v2\/users\/11"}],"replies":[{"embeddable":true,"href":"https:\/\/ajeandalucia.org\/university-entrepreneurs-fest\/wp-json\/wp\/v2\/comments?post=1598"}],"version-history":[{"count":3,"href":"https:\/\/ajeandalucia.org\/university-entrepreneurs-fest\/wp-json\/wp\/v2\/pages\/1598\/revisions"}],"predecessor-version":[{"id":1642,"href":"https:\/\/ajeandalucia.org\/university-entrepreneurs-fest\/wp-json\/wp\/v2\/pages\/1598\/revisions\/1642"}],"wp:attachment":[{"href":"https:\/\/ajeandalucia.org\/university-entrepreneurs-fest\/wp-json\/wp\/v2\/media?parent=1598"}],"curies":[{"name":"wp","href":"https:\/\/api.w.org\/{rel}","templated":true}]}}