{"id":1614,"date":"2023-11-15T08:42:03","date_gmt":"2023-11-15T08:42:03","guid":{"rendered":"https:\/\/www.ajeandalucia.org\/university-entrepreneurs-fest\/?page_id=1614"},"modified":"2023-11-16T11:11:38","modified_gmt":"2023-11-16T11:11:38","slug":"sevilla-alkimista","status":"publish","type":"page","link":"https:\/\/ajeandalucia.org\/university-entrepreneurs-fest\/sevilla-alkimista\/","title":{"rendered":"Sevilla: Alkimista"},"content":{"rendered":"<p>[vc_row][vc_column css=&#8221;.vc_custom_1700037756236{padding-top: 150px !important;}&#8221;][vc_column_text]<\/p>\n<div class=\"v-module v-module-type-websiteTitle v-module-id-websiteTitle\">\n<p><strong>ALKIMIA PROYECTOS<\/strong><\/p>\n<p>Tener acierto en nuestras decisiones empresariales es vital para el \u00e9xito de nuestro negocio. Para ello, te acompa\u00f1o y pongo a tu disposici\u00f3n herramientas concretas para problemas espec\u00edficos:<\/p>\n<\/div>\n<div class=\"v-module v-module-type-siteDescription v-module-id-siteDescription\">\n<ul>\n<li class=\"v-module-type-siteDescription-text\">Aumentar ventas, reducir costes<\/li>\n<li class=\"v-module-type-siteDescription-text\">Crear sistemas que faciliten la gesti\u00f3n<\/li>\n<li class=\"v-module-type-siteDescription-text\">Gestionar tu tiempo para conseguir objetivos sin matarte trabajando&#8230;<\/li>\n<\/ul>\n<p>&nbsp;<\/p>\n<p>Conoce\u00a0m\u00e1s de Alkimia Proyectos:\u00a0<a href=\"https:\/\/www.alkimiaproyectos.es\/\">https:\/\/www.alkimiaproyectos.es\/<\/a><\/p>\n<\/div>\n<p>[\/vc_column_text][\/vc_column][\/vc_row][vc_row][vc_column][vc_column_text][CP_APP_HOUR_BOOKING id=&#8221;9&#8243;][\/vc_column_text][\/vc_column][\/vc_row]<\/p>\n","protected":false},"excerpt":{"rendered":"<p>[vc_row][vc_column css=&#8221;.vc_custom_1700037756236{padding-top: 150px !important;}&#8221;][vc_column_text] ALKIMIA PROYECTOS Tener acierto en nuestras decisiones empresariales es vital para el \u00e9xito de nuestro negocio. Para ello, te acompa\u00f1o y pongo a tu disposici\u00f3n herramientas concretas para problemas espec\u00edficos: Aumentar ventas, reducir costes Crear sistemas que faciliten<\/p>\n","protected":false},"author":11,"featured_media":0,"parent":0,"menu_order":0,"comment_status":"closed","ping_status":"closed","template":"home_template.php","meta":{"_acf_changed":false,"footnotes":""},"class_list":["post-1614","page","type-page","status-publish","hentry"],"acf":[],"yoast_head":"<!-- This site is optimized with the Yoast SEO plugin v26.9 - https:\/\/yoast.com\/product\/yoast-seo-wordpress\/ -->\n<title>Sevilla: Alkimista - University Entrepreneurs Fest<\/title>\n<meta name=\"robots\" content=\"index, follow, max-snippet:-1, max-image-preview:large, max-video-preview:-1\" \/>\n<link rel=\"canonical\" href=\"https:\/\/ajeandalucia.org\/university-entrepreneurs-fest\/sevilla-alkimista\/\" \/>\n<meta property=\"og:locale\" content=\"es_ES\" \/>\n<meta property=\"og:type\" content=\"article\" \/>\n<meta property=\"og:title\" content=\"Sevilla: Alkimista - University Entrepreneurs Fest\" \/>\n<meta property=\"og:description\" content=\"[vc_row][vc_column css=&#8221;.vc_custom_1700037756236{padding-top: 150px !important;}&#8221;][vc_column_text] ALKIMIA PROYECTOS Tener acierto en nuestras decisiones empresariales es vital para el \u00e9xito de nuestro negocio. Para ello, te acompa\u00f1o y pongo a tu disposici\u00f3n herramientas concretas para problemas espec\u00edficos: Aumentar ventas, reducir costes Crear sistemas que faciliten\" \/>\n<meta property=\"og:url\" content=\"https:\/\/ajeandalucia.org\/university-entrepreneurs-fest\/sevilla-alkimista\/\" \/>\n<meta property=\"og:site_name\" content=\"University Entrepreneurs Fest\" \/>\n<meta property=\"article:modified_time\" content=\"2023-11-16T11:11:38+00:00\" \/>\n<meta name=\"twitter:card\" content=\"summary_large_image\" \/>\n<meta name=\"twitter:label1\" content=\"Tiempo de lectura\" \/>\n\t<meta name=\"twitter:data1\" content=\"1 minuto\" \/>\n<script type=\"application\/ld+json\" class=\"yoast-schema-graph\">{\"@context\":\"https:\/\/schema.org\",\"@graph\":[{\"@type\":\"WebPage\",\"@id\":\"https:\/\/ajeandalucia.org\/university-entrepreneurs-fest\/sevilla-alkimista\/\",\"url\":\"https:\/\/ajeandalucia.org\/university-entrepreneurs-fest\/sevilla-alkimista\/\",\"name\":\"Sevilla: Alkimista - University Entrepreneurs Fest\",\"isPartOf\":{\"@id\":\"https:\/\/ajeandalucia.org\/university-entrepreneurs-fest\/#website\"},\"datePublished\":\"2023-11-15T08:42:03+00:00\",\"dateModified\":\"2023-11-16T11:11:38+00:00\",\"breadcrumb\":{\"@id\":\"https:\/\/ajeandalucia.org\/university-entrepreneurs-fest\/sevilla-alkimista\/#breadcrumb\"},\"inLanguage\":\"es\",\"potentialAction\":[{\"@type\":\"ReadAction\",\"target\":[\"https:\/\/ajeandalucia.org\/university-entrepreneurs-fest\/sevilla-alkimista\/\"]}]},{\"@type\":\"BreadcrumbList\",\"@id\":\"https:\/\/ajeandalucia.org\/university-entrepreneurs-fest\/sevilla-alkimista\/#breadcrumb\",\"itemListElement\":[{\"@type\":\"ListItem\",\"position\":1,\"name\":\"Portada\",\"item\":\"https:\/\/ajeandalucia.org\/university-entrepreneurs-fest\/\"},{\"@type\":\"ListItem\",\"position\":2,\"name\":\"Sevilla: Alkimista\"}]},{\"@type\":\"WebSite\",\"@id\":\"https:\/\/ajeandalucia.org\/university-entrepreneurs-fest\/#website\",\"url\":\"https:\/\/ajeandalucia.org\/university-entrepreneurs-fest\/\",\"name\":\"University Entrepreneurs Fest\",\"description\":\"University Entrepreneurs Fest\",\"potentialAction\":[{\"@type\":\"SearchAction\",\"target\":{\"@type\":\"EntryPoint\",\"urlTemplate\":\"https:\/\/ajeandalucia.org\/university-entrepreneurs-fest\/?s={search_term_string}\"},\"query-input\":{\"@type\":\"PropertyValueSpecification\",\"valueRequired\":true,\"valueName\":\"search_term_string\"}}],\"inLanguage\":\"es\"}]}<\/script>\n<!-- \/ Yoast SEO plugin. -->","yoast_head_json":{"title":"Sevilla: Alkimista - University Entrepreneurs Fest","robots":{"index":"index","follow":"follow","max-snippet":"max-snippet:-1","max-image-preview":"max-image-preview:large","max-video-preview":"max-video-preview:-1"},"canonical":"https:\/\/ajeandalucia.org\/university-entrepreneurs-fest\/sevilla-alkimista\/","og_locale":"es_ES","og_type":"article","og_title":"Sevilla: Alkimista - University Entrepreneurs Fest","og_description":"[vc_row][vc_column css=&#8221;.vc_custom_1700037756236{padding-top: 150px !important;}&#8221;][vc_column_text] ALKIMIA PROYECTOS Tener acierto en nuestras decisiones empresariales es vital para el \u00e9xito de nuestro negocio. Para ello, te acompa\u00f1o y pongo a tu disposici\u00f3n herramientas concretas para problemas espec\u00edficos: Aumentar ventas, reducir costes Crear sistemas que faciliten","og_url":"https:\/\/ajeandalucia.org\/university-entrepreneurs-fest\/sevilla-alkimista\/","og_site_name":"University Entrepreneurs Fest","article_modified_time":"2023-11-16T11:11:38+00:00","twitter_card":"summary_large_image","twitter_misc":{"Tiempo de lectura":"1 minuto"},"schema":{"@context":"https:\/\/schema.org","@graph":[{"@type":"WebPage","@id":"https:\/\/ajeandalucia.org\/university-entrepreneurs-fest\/sevilla-alkimista\/","url":"https:\/\/ajeandalucia.org\/university-entrepreneurs-fest\/sevilla-alkimista\/","name":"Sevilla: Alkimista - University Entrepreneurs Fest","isPartOf":{"@id":"https:\/\/ajeandalucia.org\/university-entrepreneurs-fest\/#website"},"datePublished":"2023-11-15T08:42:03+00:00","dateModified":"2023-11-16T11:11:38+00:00","breadcrumb":{"@id":"https:\/\/ajeandalucia.org\/university-entrepreneurs-fest\/sevilla-alkimista\/#breadcrumb"},"inLanguage":"es","potentialAction":[{"@type":"ReadAction","target":["https:\/\/ajeandalucia.org\/university-entrepreneurs-fest\/sevilla-alkimista\/"]}]},{"@type":"BreadcrumbList","@id":"https:\/\/ajeandalucia.org\/university-entrepreneurs-fest\/sevilla-alkimista\/#breadcrumb","itemListElement":[{"@type":"ListItem","position":1,"name":"Portada","item":"https:\/\/ajeandalucia.org\/university-entrepreneurs-fest\/"},{"@type":"ListItem","position":2,"name":"Sevilla: Alkimista"}]},{"@type":"WebSite","@id":"https:\/\/ajeandalucia.org\/university-entrepreneurs-fest\/#website","url":"https:\/\/ajeandalucia.org\/university-entrepreneurs-fest\/","name":"University Entrepreneurs Fest","description":"University Entrepreneurs Fest","potentialAction":[{"@type":"SearchAction","target":{"@type":"EntryPoint","urlTemplate":"https:\/\/ajeandalucia.org\/university-entrepreneurs-fest\/?s={search_term_string}"},"query-input":{"@type":"PropertyValueSpecification","valueRequired":true,"valueName":"search_term_string"}}],"inLanguage":"es"}]}},"_links":{"self":[{"href":"https:\/\/ajeandalucia.org\/university-entrepreneurs-fest\/wp-json\/wp\/v2\/pages\/1614","targetHints":{"allow":["GET"]}}],"collection":[{"href":"https:\/\/ajeandalucia.org\/university-entrepreneurs-fest\/wp-json\/wp\/v2\/pages"}],"about":[{"href":"https:\/\/ajeandalucia.org\/university-entrepreneurs-fest\/wp-json\/wp\/v2\/types\/page"}],"author":[{"embeddable":true,"href":"https:\/\/ajeandalucia.org\/university-entrepreneurs-fest\/wp-json\/wp\/v2\/users\/11"}],"replies":[{"embeddable":true,"href":"https:\/\/ajeandalucia.org\/university-entrepreneurs-fest\/wp-json\/wp\/v2\/comments?post=1614"}],"version-history":[{"count":3,"href":"https:\/\/ajeandalucia.org\/university-entrepreneurs-fest\/wp-json\/wp\/v2\/pages\/1614\/revisions"}],"predecessor-version":[{"id":1640,"href":"https:\/\/ajeandalucia.org\/university-entrepreneurs-fest\/wp-json\/wp\/v2\/pages\/1614\/revisions\/1640"}],"wp:attachment":[{"href":"https:\/\/ajeandalucia.org\/university-entrepreneurs-fest\/wp-json\/wp\/v2\/media?parent=1614"}],"curies":[{"name":"wp","href":"https:\/\/api.w.org\/{rel}","templated":true}]}}